{"id":1628,"date":"2020-05-08T01:12:18","date_gmt":"2020-05-07T23:12:18","guid":{"rendered":"https:\/\/cbo-clients.ca\/refonte-parox\/a-propos\/"},"modified":"2025-01-21T20:45:00","modified_gmt":"2025-01-21T19:45:00","slug":"about-us","status":"publish","type":"page","link":"https:\/\/constructionparox.com\/en\/about-us\/","title":{"rendered":"About us"},"content":{"rendered":"\n<div class=\"wp-block-group alignfull has-accent-background-color has-background has-global-padding is-layout-constrained wp-block-group-is-layout-constrained\" style=\"padding-top:var(--wp--preset--spacing--70);padding-bottom:var(--wp--preset--spacing--70)\"><div class=\"parox-line-title align wp-block-acf-line-title\">\r\n  <div class=\"orphic-parox-block-promise-block__title\">\r\n    <div class=\"orphic-parox-block-promise-block__title-line-wrapper\">\r\n      <div class=\"acf-innerblocks-container\">\n<h1 style=\"text-transform:uppercase;\" class=\"has-link-color wp-elements-52a77dd0c272b808137141065cfdd8b6 wp-block-post-title has-text-color has-primary-color has-x-large-font-size\">About us<\/h1>\n<\/div>\r\n      <div class=\"orphic-parox-block-promise-block__title-line\"><\/div>\r\n    <\/div>\r\n  <\/div>\r\n<\/div>\n\n\n<h3 class=\"wp-block-heading\">PAROX Construction was founded in 2000<\/h3>\n\n\n\n<div class=\"wp-block-columns are-vertically-aligned-top is-layout-flex wp-container-core-columns-is-layout-28f84493 wp-block-columns-is-layout-flex\">\n<div class=\"wp-block-column is-vertically-aligned-top is-layout-flow wp-block-column-is-layout-flow\">\n<p>Our portfolio includes large-scale industrial and commercial projects.\nWe also have a significant presence in the agri-food sector, with buildings for a variety of purposes: cheese dairies, logistics and refrigerated warehouses, meat production plants, etc.\nWe are recognized for our extensive expertise by companies of all sizes, including family businesses, looking for a contractor who understands their reality, is available and accessible.  <\/p>\n\n\n\n<p>We focus on design-build and renovation projects.\nWe value long-lasting relationships with our customers, who are passionate entrepreneurs just like us. <\/p>\n<\/div>\n\n\n\n<div class=\"wp-block-column is-vertically-aligned-top is-layout-flow wp-block-column-is-layout-flow\">\n<p>Our commitment to them is total.\nWe are their partner, involving them at every stage of the project and working in complete transparency.\nThis approach enables us to build positive, open and lasting business relationships.  <\/p>\n\n\n\n<p>We are proud to have accompanied many of our customers in the expansion of their businesses, carrying out more than one project for them over the years.\nThis renewed trust over two decades means a great deal to us. <\/p>\n<\/div>\n<\/div>\n\n\n\n<div style=\"height:14px\" aria-hidden=\"true\" class=\"wp-block-spacer\"><\/div>\n\n\n\n<div class=\"wp-block-group is-content-justification-center is-nowrap is-layout-flex wp-container-core-group-is-layout-23441af8 wp-block-group-is-layout-flex\">\r\n  <a class=\"orphic-parox-block-button-parox align wp-block-acf-button-parox\" href=\"https:\/\/constructionparox.com\/en\/services\/\" target=\"\" style=\"--parox-button-color: var(--wp--preset--color--primary);\r\n              --parox-button-border-color: var(--wp--preset--color--black);\r\n    \">\r\n    <span>Explore our services<\/span>\r\n    <svg viewBox=\"0 0 12 16\" fill=\"none\" xmlns=\"http:\/\/www.w3.org\/2000\/svg\">\r\n      <path d=\"M10.5 3H11V3.5V10.5V11H9.99995V10.5V4.70625L2.10308 12.6031L1.74995 12.9563L1.0437 12.25L1.39683 11.8969L9.2937 4H3.49995H2.99995V3H3.49995H10.5Z\" fill=\"white\" \/>\r\n    <\/svg>\r\n    <div class=\"orphic-parox-block-button-parox__border_bottom_absolute\"><\/div>\r\n  <\/a>\r\n<\/div>\n\n\n\n<div style=\"height:45px\" aria-hidden=\"true\" class=\"wp-block-spacer\"><\/div>\n\n\n\n<div class=\"wp-block-columns is-layout-flex wp-container-core-columns-is-layout-28f84493 wp-block-columns-is-layout-flex\">\n<div class=\"wp-block-column is-layout-flow wp-block-column-is-layout-flow\" style=\"flex-basis:33.33%\">\n<hr class=\"wp-block-separator has-text-color has-primary-color has-alpha-channel-opacity has-primary-background-color has-background\"\/>\n\n\n\n<h3 class=\"wp-block-heading has-small-font-size\">Our administration and project management dream team is complemented by our site foremen, many of whom have been with us for over 10 years. They competently deliver the projects entrusted to us.<\/h3>\n\n\n\n<p style=\"font-style:normal;font-weight:500\">Together, we&#8217;re a team that provides solutions and has fun doing it!<\/p>\n<\/div>\n\n\n\n<div class=\"wp-block-column is-layout-flow wp-block-column-is-layout-flow\" style=\"flex-basis:66.66%\">\n<figure class=\"wp-block-image aligncenter size-full\"><img loading=\"lazy\" decoding=\"async\" width=\"1024\" height=\"666\" src=\"https:\/\/constructionparox.com\/wp-content\/uploads\/2024\/10\/image001-2-1.png\" alt=\"\" class=\"wp-image-4086\" srcset=\"https:\/\/constructionparox.com\/wp-content\/uploads\/2024\/10\/image001-2-1.png 1024w, https:\/\/constructionparox.com\/wp-content\/uploads\/2024\/10\/image001-2-1-450x293.png 450w, https:\/\/constructionparox.com\/wp-content\/uploads\/2024\/10\/image001-2-1-768x500.png 768w\" sizes=\"auto, (max-width: 1024px) 100vw, 1024px\" \/><\/figure>\n<\/div>\n<\/div>\n<\/div>\n\n\n\n<div style=\"height:50px\" aria-hidden=\"true\" class=\"wp-block-spacer\"><\/div>\n\n\n\n<h3 class=\"wp-block-heading\" id=\"valeurs\">We are people of words and action!<\/h3>\n\n\n\n<p>Parox Construction is a healthy workplace where everyone can flourish.\nThis can be seen in our work and felt in our relationships with others.\nHappiness creates a ripple effect within the team, on the job site and in our dealings with customers.  <\/p>\n\n\n\n<div style=\"height:50px\" aria-hidden=\"true\" class=\"wp-block-spacer\"><\/div>\n\n\n<div class=\"parox-line-title align wp-block-acf-line-title\">\r\n  <div class=\"orphic-parox-block-promise-block__title\">\r\n    <div class=\"orphic-parox-block-promise-block__title-line-wrapper\">\r\n      <div class=\"acf-innerblocks-container\">\n\n<h2 class=\"wp-block-heading has-primary-color has-text-color has-link-color has-large-font-size wp-elements-18d84fa03bc7780e263ae8ef8ff9c6e0\" style=\"text-transform:uppercase\">Values<\/h2>\n\n<\/div>\r\n      <div class=\"orphic-parox-block-promise-block__title-line\"><\/div>\r\n    <\/div>\r\n  <\/div>\r\n<\/div>\n\n\n<div class=\"wp-block-group has-global-padding is-content-justification-left is-layout-constrained wp-container-core-group-is-layout-cabd398c wp-block-group-is-layout-constrained\">\n<h3 class=\"wp-block-heading has-text-align-left has-medium-font-size\">Every member of the PAROX team embraces the values promoted by Construction Parox and, above all, makes them a reality every day!<\/h3>\n<\/div>\n\n\n\n<div style=\"height:39px\" aria-hidden=\"true\" class=\"wp-block-spacer\"><\/div>\n\n\n\n<div class=\"wp-block-columns is-layout-flex wp-container-core-columns-is-layout-fa584acd wp-block-columns-is-layout-flex\">\n<div class=\"wp-block-column is-layout-flow wp-block-column-is-layout-flow\">\n<h4 class=\"wp-block-heading\">Engagement<\/h4>\n\n\n\n<p>To our customers: what we say is done, and done well.\nTo ourselves: we work every day in harmony with who we are, our values and our needs.\nWe allow ourselves to develop professionally and personally within the company.  <\/p>\n<\/div>\n\n\n\n<div class=\"wp-block-column is-layout-flow wp-block-column-is-layout-flow\">\n<h4 class=\"wp-block-heading\">Pride<\/h4>\n\n\n\n<p>We&#8217;re happy to be part of a team that counts our customers and suppliers, and that carries out successful projects.\nThe projects we undertake are fun to carry out, allow us to surpass ourselves and ensure prosperity for all. <\/p>\n<\/div>\n<\/div>\n\n\n\n<div style=\"height:39px\" aria-hidden=\"true\" class=\"wp-block-spacer\"><\/div>\n\n\n\n<div class=\"wp-block-columns is-layout-flex wp-container-core-columns-is-layout-fa584acd wp-block-columns-is-layout-flex\">\n<div class=\"wp-block-column is-layout-flow wp-block-column-is-layout-flow\">\n<h4 class=\"wp-block-heading\">Teamwork<\/h4>\n\n\n\n<p>Collaboration is fundamental to our success.\nCollaboration means communicating clearly and honestly, respecting and helping each other.\nIt also means being an active member of the team and taking responsibility for our own role.  <\/p>\n<\/div>\n\n\n\n<div class=\"wp-block-column is-layout-flow wp-block-column-is-layout-flow\">\n<h4 class=\"wp-block-heading\">Clarity<\/h4>\n\n\n\n<p>With each other and with our customers, we make sure that things are simple and easy every day.\nIntegrity, communication, rigor and transparency are the cornerstones of this value. <\/p>\n<\/div>\n<\/div>\n\n\n\n<div style=\"height:50px\" aria-hidden=\"true\" class=\"wp-block-spacer\"><\/div>\n\n\n<div class=\"parox-line-title align wp-block-acf-line-title\">\r\n  <div class=\"orphic-parox-block-promise-block__title\">\r\n    <div class=\"orphic-parox-block-promise-block__title-line-wrapper\">\r\n      <div class=\"acf-innerblocks-container\">\n\n<h2 class=\"wp-block-heading has-primary-color has-text-color has-link-color has-large-font-size wp-elements-bfd0694f4e419d66b2df50767bdd499e\" style=\"text-transform:uppercase\">Beliefs THAT SET US APART<\/h2>\n\n<\/div>\r\n      <div class=\"orphic-parox-block-promise-block__title-line\"><\/div>\r\n    <\/div>\r\n  <\/div>\r\n<\/div>\n\n\r\n<div id=\"block_cd9076c8f633282c84c0fe2f6c809005\" class=\"parox-desc-bloc-wrap flex-container\" style=\"flex-direction:row\">\r\n  <div class=\"z-parox-overlap__left\">\r\n    <img decoding=\"async\" src=\"https:\/\/constructionparox.com\/wp-content\/uploads\/2024\/10\/2S3A9319-scaled-1.jpg\" style=\"width:100%\" alt=\"\">\r\n  <\/div>\r\n  <div class=\"z-parox-overlap__right\" style=\"width:240%;margin-left:-5%; margin-right:0%\">\r\n    <div class=\"wp-block-parox-description parox-text-encadre\">\r\n      <div class=\"bottom-right-bar\"><\/div>\r\n      <div class=\"bottom-right-side-bar\"><\/div>\r\n      <div class=\"top-left-side-bar\"><\/div>\r\n      <div class=\"top-left-bar\"><\/div>\r\n      <div class=\"parox-overlap-text-wrapper\"><h3>Our harmonious site management makes projects run more smoothly.<\/h3>\n<p>Our open approach and transparent communications allow us to resolve issues quickly before they become complex problems.<\/p>\n<\/div>\r\n    <\/div>\r\n  <\/div>\r\n<\/div>\n\n\r\n<div id=\"block_219f89d0ef9c8c9912137507bf5d33c9\" class=\"parox-desc-bloc-wrap flex-container\" style=\"flex-direction:row-reverse\">\r\n  <div class=\"z-parox-overlap__left\">\r\n    <img decoding=\"async\" src=\"https:\/\/constructionparox.com\/wp-content\/uploads\/2020\/05\/Parox-Gaudet-StBenoit-019-scaled.jpg\" style=\"width:100%\" alt=\"\">\r\n  <\/div>\r\n  <div class=\"z-parox-overlap__right\" style=\"width:240%;margin-left:0%; margin-right:-5%\">\r\n    <div class=\"wp-block-parox-description parox-text-encadre\">\r\n      <div class=\"bottom-right-bar\"><\/div>\r\n      <div class=\"bottom-right-side-bar\"><\/div>\r\n      <div class=\"top-left-side-bar\"><\/div>\r\n      <div class=\"top-left-bar\"><\/div>\r\n      <div class=\"parox-overlap-text-wrapper\"><h3>Health and safety comes first.<\/h3>\n<p>Our employees know that we look out for them. We make sure that the rules are respected at all times.<\/p>\n<\/div>\r\n    <\/div>\r\n  <\/div>\r\n<\/div>\n\n\r\n<div id=\"block_49e8afd82fc58481b4cc4b5961db3467\" class=\"parox-desc-bloc-wrap flex-container\" style=\"flex-direction:row\">\r\n  <div class=\"z-parox-overlap__left\">\r\n    <img decoding=\"async\" src=\"https:\/\/constructionparox.com\/wp-content\/uploads\/2024\/10\/remise-toile-prana-crop-e1589815638661.jpg\" style=\"width:100%\" alt=\"\">\r\n  <\/div>\r\n  <div class=\"z-parox-overlap__right\" style=\"width:240%;margin-left:-5%; margin-right:0%\">\r\n    <div class=\"wp-block-parox-description parox-text-encadre\">\r\n      <div class=\"bottom-right-bar\"><\/div>\r\n      <div class=\"bottom-right-side-bar\"><\/div>\r\n      <div class=\"top-left-side-bar\"><\/div>\r\n      <div class=\"top-left-bar\"><\/div>\r\n      <div class=\"parox-overlap-text-wrapper\"><h3>We know that a satisfied customer is our best asset.<\/h3>\n<p>Our strong sense of organisation, rigour and openness reduces unpleasant surprises. Our honesty and good faith are the basis of lasting partnerships with our clients.<\/p>\n<\/div>\r\n    <\/div>\r\n  <\/div>\r\n<\/div>\n\n\r\n<div id=\"block_a4b0bfd63ab257516e57f9608b2d7141\" class=\"parox-desc-bloc-wrap flex-container\" style=\"flex-direction:row-reverse\">\r\n  <div class=\"z-parox-overlap__left\">\r\n    <img decoding=\"async\" src=\"https:\/\/constructionparox.com\/wp-content\/uploads\/2024\/10\/20190813-e1589494267686.jpg\" style=\"width:100%\" alt=\"\">\r\n  <\/div>\r\n  <div class=\"z-parox-overlap__right\" style=\"width:240%;margin-left:0%; margin-right:-5%\">\r\n    <div class=\"wp-block-parox-description parox-text-encadre\">\r\n      <div class=\"bottom-right-bar\"><\/div>\r\n      <div class=\"bottom-right-side-bar\"><\/div>\r\n      <div class=\"top-left-side-bar\"><\/div>\r\n      <div class=\"top-left-bar\"><\/div>\r\n      <div class=\"parox-overlap-text-wrapper\"><h3>Our commitment to the environment is in the details.<\/h3>\n<p>For every project we undertake, Construction Parox plans for eco-responsible management in order, among other things, to reduce pollution during construction and to optimize the management of construction residues. When projects are eligible for LEED certification, we ensure that all planned measures and credits selected by the client and architect are applied and documented.<\/p>\n<p>We successfully combine customer expectations with the imperatives generated by climate change, which is having a major impact on the construction industry. By developing innovative approaches, we are able to deliver quality projects so that our customers can face future challenges with confidence.<\/p>\n<\/div>\r\n    <\/div>\r\n  <\/div>\r\n<\/div>\n\n\r\n<div id=\"block_341871f7f8e03fb079f0b730bedc1c6a\" class=\"parox-desc-bloc-wrap flex-container\" style=\"flex-direction:row\">\r\n  <div class=\"z-parox-overlap__left\">\r\n    <img decoding=\"async\" src=\"https:\/\/constructionparox.com\/wp-content\/uploads\/2024\/10\/banque-alimentaire-e1727921102495.jpg\" style=\"width:100%\" alt=\"\">\r\n  <\/div>\r\n  <div class=\"z-parox-overlap__right\" style=\"width:240%;margin-left:-5%; margin-right:0%\">\r\n    <div class=\"wp-block-parox-description parox-text-encadre\">\r\n      <div class=\"bottom-right-bar\"><\/div>\r\n      <div class=\"bottom-right-side-bar\"><\/div>\r\n      <div class=\"top-left-side-bar\"><\/div>\r\n      <div class=\"top-left-bar\"><\/div>\r\n      <div class=\"parox-overlap-text-wrapper\"><h3>Our contribution to the community allows us to say thank you.<\/h3>\n<p>Members of management are involved in local organizations, and Parox Construction employees are encouraged to join the mutual aid movement. Management supports them in their commitment to causes close to their hearts. In particular, Construction Parox supports La Tabl\u00e9e des chefs and the Centre d&#8217;entraide familiale Le grain d&#8217;Sel.<\/p>\n<\/div>\r\n    <\/div>\r\n  <\/div>\r\n<\/div>\n\n\n<div style=\"height:100px\" aria-hidden=\"true\" class=\"wp-block-spacer\"><\/div>\n","protected":false},"excerpt":{"rendered":"<p>PAROX Construction was founded in 2000 Our portfolio includes large-scale industrial and commercial projects. We also have a significant presence in the agri-food sector, with buildings for a variety of purposes: cheese dairies, logistics and refrigerated warehouses, meat production plants, etc. We are recognized for our extensive expertise by companies of all sizes, including family [&hellip;]<\/p>\n","protected":false},"author":1,"featured_media":0,"parent":0,"menu_order":0,"comment_status":"closed","ping_status":"closed","template":"","meta":{"_acf_changed":false,"footnotes":""},"class_list":["post-1628","page","type-page","status-publish","hentry"],"acf":[],"yoast_head":"<!-- This site is optimized with the Yoast SEO plugin v25.5 - https:\/\/yoast.com\/wordpress\/plugins\/seo\/ -->\n<title>About us | Construction Parox<\/title>\n<meta name=\"description\" content=\"Our portfolio includes large-scale industrial and commercial projects. We are recognized for our extensive expertise by companies of all sizes.\" \/>\n<meta name=\"robots\" content=\"index, follow, max-snippet:-1, max-image-preview:large, max-video-preview:-1\" \/>\n<link rel=\"canonical\" href=\"https:\/\/constructionparox.com\/en\/about-us\/\" \/>\n<meta property=\"og:locale\" content=\"en_US\" \/>\n<meta property=\"og:type\" content=\"article\" \/>\n<meta property=\"og:title\" content=\"About us | Construction Parox\" \/>\n<meta property=\"og:description\" content=\"Our portfolio includes large-scale industrial and commercial projects. We are recognized for our extensive expertise by companies of all sizes.\" \/>\n<meta property=\"og:url\" content=\"https:\/\/constructionparox.com\/en\/about-us\/\" \/>\n<meta property=\"og:site_name\" content=\"Construction Parox\" \/>\n<meta property=\"article:publisher\" content=\"https:\/\/www.facebook.com\/Construction-Parox-106295571134291\" \/>\n<meta property=\"article:modified_time\" content=\"2025-01-21T19:45:00+00:00\" \/>\n<meta property=\"og:image\" content=\"https:\/\/constructionparox.com\/wp-content\/uploads\/2024\/10\/image001-2-1.png\" \/>\n\t<meta property=\"og:image:width\" content=\"1024\" \/>\n\t<meta property=\"og:image:height\" content=\"666\" \/>\n\t<meta property=\"og:image:type\" content=\"image\/png\" \/>\n<meta name=\"twitter:card\" content=\"summary_large_image\" \/>\n<meta name=\"twitter:label1\" content=\"Est. reading time\" \/>\n\t<meta name=\"twitter:data1\" content=\"2 minutes\" \/>\n<script type=\"application\/ld+json\" class=\"yoast-schema-graph\">{\"@context\":\"https:\/\/schema.org\",\"@graph\":[{\"@type\":\"WebPage\",\"@id\":\"https:\/\/constructionparox.com\/en\/about-us\/\",\"url\":\"https:\/\/constructionparox.com\/en\/about-us\/\",\"name\":\"About us | Construction Parox\",\"isPartOf\":{\"@id\":\"https:\/\/constructionparox.com\/en\/#website\"},\"primaryImageOfPage\":{\"@id\":\"https:\/\/constructionparox.com\/en\/about-us\/#primaryimage\"},\"image\":{\"@id\":\"https:\/\/constructionparox.com\/en\/about-us\/#primaryimage\"},\"thumbnailUrl\":\"https:\/\/constructionparox.com\/wp-content\/uploads\/2024\/10\/image001-2-1.png\",\"datePublished\":\"2020-05-07T23:12:18+00:00\",\"dateModified\":\"2025-01-21T19:45:00+00:00\",\"description\":\"Our portfolio includes large-scale industrial and commercial projects. We are recognized for our extensive expertise by companies of all sizes.\",\"breadcrumb\":{\"@id\":\"https:\/\/constructionparox.com\/en\/about-us\/#breadcrumb\"},\"inLanguage\":\"en-CA\",\"potentialAction\":[{\"@type\":\"ReadAction\",\"target\":[\"https:\/\/constructionparox.com\/en\/about-us\/\"]}]},{\"@type\":\"ImageObject\",\"inLanguage\":\"en-CA\",\"@id\":\"https:\/\/constructionparox.com\/en\/about-us\/#primaryimage\",\"url\":\"https:\/\/constructionparox.com\/wp-content\/uploads\/2024\/10\/image001-2-1.png\",\"contentUrl\":\"https:\/\/constructionparox.com\/wp-content\/uploads\/2024\/10\/image001-2-1.png\"},{\"@type\":\"BreadcrumbList\",\"@id\":\"https:\/\/constructionparox.com\/en\/about-us\/#breadcrumb\",\"itemListElement\":[{\"@type\":\"ListItem\",\"position\":1,\"name\":\"Accueil\",\"item\":\"https:\/\/constructionparox.com\/en\/\"},{\"@type\":\"ListItem\",\"position\":2,\"name\":\"About us\"}]},{\"@type\":\"WebSite\",\"@id\":\"https:\/\/constructionparox.com\/en\/#website\",\"url\":\"https:\/\/constructionparox.com\/en\/\",\"name\":\"Construction Parox\",\"description\":\"De l&#039;id\u00e9e \u00e0 la r\u00e9alisation, nous partageons votre passion !\",\"publisher\":{\"@id\":\"https:\/\/constructionparox.com\/en\/#organization\"},\"potentialAction\":[{\"@type\":\"SearchAction\",\"target\":{\"@type\":\"EntryPoint\",\"urlTemplate\":\"https:\/\/constructionparox.com\/en\/?s={search_term_string}\"},\"query-input\":{\"@type\":\"PropertyValueSpecification\",\"valueRequired\":true,\"valueName\":\"search_term_string\"}}],\"inLanguage\":\"en-CA\"},{\"@type\":\"Organization\",\"@id\":\"https:\/\/constructionparox.com\/en\/#organization\",\"name\":\"Construction Parox\",\"url\":\"https:\/\/constructionparox.com\/en\/\",\"logo\":{\"@type\":\"ImageObject\",\"inLanguage\":\"en-CA\",\"@id\":\"https:\/\/constructionparox.com\/en\/#\/schema\/logo\/image\/\",\"url\":\"https:\/\/constructionparox.com\/wp-content\/uploads\/2024\/10\/Parox_Construction_Logo_Rouge_RGB-1.png\",\"contentUrl\":\"https:\/\/constructionparox.com\/wp-content\/uploads\/2024\/10\/Parox_Construction_Logo_Rouge_RGB-1.png\",\"width\":720,\"height\":311,\"caption\":\"Construction Parox\"},\"image\":{\"@id\":\"https:\/\/constructionparox.com\/en\/#\/schema\/logo\/image\/\"},\"sameAs\":[\"https:\/\/www.facebook.com\/Construction-Parox-106295571134291\",\"https:\/\/www.linkedin.com\/company\/construction-parox\/\"]}]}<\/script>\n<!-- \/ Yoast SEO plugin. -->","yoast_head_json":{"title":"About us | Construction Parox","description":"Our portfolio includes large-scale industrial and commercial projects. We are recognized for our extensive expertise by companies of all sizes.","robots":{"index":"index","follow":"follow","max-snippet":"max-snippet:-1","max-image-preview":"max-image-preview:large","max-video-preview":"max-video-preview:-1"},"canonical":"https:\/\/constructionparox.com\/en\/about-us\/","og_locale":"en_US","og_type":"article","og_title":"About us | Construction Parox","og_description":"Our portfolio includes large-scale industrial and commercial projects. We are recognized for our extensive expertise by companies of all sizes.","og_url":"https:\/\/constructionparox.com\/en\/about-us\/","og_site_name":"Construction Parox","article_publisher":"https:\/\/www.facebook.com\/Construction-Parox-106295571134291","article_modified_time":"2025-01-21T19:45:00+00:00","og_image":[{"width":1024,"height":666,"url":"https:\/\/constructionparox.com\/wp-content\/uploads\/2024\/10\/image001-2-1.png","type":"image\/png"}],"twitter_card":"summary_large_image","twitter_misc":{"Est. reading time":"2 minutes"},"schema":{"@context":"https:\/\/schema.org","@graph":[{"@type":"WebPage","@id":"https:\/\/constructionparox.com\/en\/about-us\/","url":"https:\/\/constructionparox.com\/en\/about-us\/","name":"About us | Construction Parox","isPartOf":{"@id":"https:\/\/constructionparox.com\/en\/#website"},"primaryImageOfPage":{"@id":"https:\/\/constructionparox.com\/en\/about-us\/#primaryimage"},"image":{"@id":"https:\/\/constructionparox.com\/en\/about-us\/#primaryimage"},"thumbnailUrl":"https:\/\/constructionparox.com\/wp-content\/uploads\/2024\/10\/image001-2-1.png","datePublished":"2020-05-07T23:12:18+00:00","dateModified":"2025-01-21T19:45:00+00:00","description":"Our portfolio includes large-scale industrial and commercial projects. We are recognized for our extensive expertise by companies of all sizes.","breadcrumb":{"@id":"https:\/\/constructionparox.com\/en\/about-us\/#breadcrumb"},"inLanguage":"en-CA","potentialAction":[{"@type":"ReadAction","target":["https:\/\/constructionparox.com\/en\/about-us\/"]}]},{"@type":"ImageObject","inLanguage":"en-CA","@id":"https:\/\/constructionparox.com\/en\/about-us\/#primaryimage","url":"https:\/\/constructionparox.com\/wp-content\/uploads\/2024\/10\/image001-2-1.png","contentUrl":"https:\/\/constructionparox.com\/wp-content\/uploads\/2024\/10\/image001-2-1.png"},{"@type":"BreadcrumbList","@id":"https:\/\/constructionparox.com\/en\/about-us\/#breadcrumb","itemListElement":[{"@type":"ListItem","position":1,"name":"Accueil","item":"https:\/\/constructionparox.com\/en\/"},{"@type":"ListItem","position":2,"name":"About us"}]},{"@type":"WebSite","@id":"https:\/\/constructionparox.com\/en\/#website","url":"https:\/\/constructionparox.com\/en\/","name":"Construction Parox","description":"De l&#039;id\u00e9e \u00e0 la r\u00e9alisation, nous partageons votre passion !","publisher":{"@id":"https:\/\/constructionparox.com\/en\/#organization"},"potentialAction":[{"@type":"SearchAction","target":{"@type":"EntryPoint","urlTemplate":"https:\/\/constructionparox.com\/en\/?s={search_term_string}"},"query-input":{"@type":"PropertyValueSpecification","valueRequired":true,"valueName":"search_term_string"}}],"inLanguage":"en-CA"},{"@type":"Organization","@id":"https:\/\/constructionparox.com\/en\/#organization","name":"Construction Parox","url":"https:\/\/constructionparox.com\/en\/","logo":{"@type":"ImageObject","inLanguage":"en-CA","@id":"https:\/\/constructionparox.com\/en\/#\/schema\/logo\/image\/","url":"https:\/\/constructionparox.com\/wp-content\/uploads\/2024\/10\/Parox_Construction_Logo_Rouge_RGB-1.png","contentUrl":"https:\/\/constructionparox.com\/wp-content\/uploads\/2024\/10\/Parox_Construction_Logo_Rouge_RGB-1.png","width":720,"height":311,"caption":"Construction Parox"},"image":{"@id":"https:\/\/constructionparox.com\/en\/#\/schema\/logo\/image\/"},"sameAs":["https:\/\/www.facebook.com\/Construction-Parox-106295571134291","https:\/\/www.linkedin.com\/company\/construction-parox\/"]}]}},"_links":{"self":[{"href":"https:\/\/constructionparox.com\/en\/wp-json\/wp\/v2\/pages\/1628","targetHints":{"allow":["GET"]}}],"collection":[{"href":"https:\/\/constructionparox.com\/en\/wp-json\/wp\/v2\/pages"}],"about":[{"href":"https:\/\/constructionparox.com\/en\/wp-json\/wp\/v2\/types\/page"}],"author":[{"embeddable":true,"href":"https:\/\/constructionparox.com\/en\/wp-json\/wp\/v2\/users\/1"}],"replies":[{"embeddable":true,"href":"https:\/\/constructionparox.com\/en\/wp-json\/wp\/v2\/comments?post=1628"}],"version-history":[{"count":58,"href":"https:\/\/constructionparox.com\/en\/wp-json\/wp\/v2\/pages\/1628\/revisions"}],"predecessor-version":[{"id":4239,"href":"https:\/\/constructionparox.com\/en\/wp-json\/wp\/v2\/pages\/1628\/revisions\/4239"}],"wp:attachment":[{"href":"https:\/\/constructionparox.com\/en\/wp-json\/wp\/v2\/media?parent=1628"}],"curies":[{"name":"wp","href":"https:\/\/api.w.org\/{rel}","templated":true}]}}