{"id":1638,"date":"2020-05-08T03:19:38","date_gmt":"2020-05-08T01:19:38","guid":{"rendered":"https:\/\/cbo-clients.ca\/refonte-parox\/clients\/"},"modified":"2024-10-07T01:58:41","modified_gmt":"2024-10-06T23:58:41","slug":"clients","status":"publish","type":"page","link":"https:\/\/constructionparox.com\/en\/clients\/","title":{"rendered":"Clients"},"content":{"rendered":"\n<div class=\"wp-block-group alignfull has-accent-background-color has-background has-global-padding is-layout-constrained wp-block-group-is-layout-constrained\" style=\"padding-top:var(--wp--preset--spacing--70);padding-bottom:var(--wp--preset--spacing--70)\"><div class=\"parox-line-title align wp-block-acf-line-title\">\r\n  <div class=\"orphic-parox-block-promise-block__title\">\r\n    <div class=\"orphic-parox-block-promise-block__title-line-wrapper\">\r\n      <div class=\"acf-innerblocks-container\">\n<h1 style=\"text-transform:uppercase;\" class=\"has-link-color wp-elements-52a77dd0c272b808137141065cfdd8b6 wp-block-post-title has-text-color has-primary-color has-x-large-font-size\">Clients<\/h1>\n<\/div>\r\n      <div class=\"orphic-parox-block-promise-block__title-line\"><\/div>\r\n    <\/div>\r\n  <\/div>\r\n<\/div>\n\n\n<h2 class=\"wp-block-heading has-large-font-size\">From family business to multinational<\/h2>\n\n\n\n<p>Our clients are companies of all sizes. Whether they&#8217;re start-ups, family businesses, national organizations or divisions of multinationals, we like to understand the realities on the ground. Construction Parox adapts to ensure that projects are completed on time and on budget, without compromising the quality and inventiveness required to make each project exceptional.<\/p>\n\n\n\n<div style=\"height:35px\" aria-hidden=\"true\" class=\"wp-block-spacer\"><\/div>\n\n\n\n<div class=\"wp-block-columns is-layout-flex wp-container-core-columns-is-layout-28f84493 wp-block-columns-is-layout-flex\">\n<div class=\"wp-block-column is-layout-flow wp-block-column-is-layout-flow\">\n<h3 class=\"wp-block-heading has-text-align-center has-primary-color has-text-color has-link-color has-medium-font-size wp-elements-07e0e8cc3db35b9047fff892f19ed96b\" style=\"text-transform:uppercase\">Industrial sector<\/h3>\n\n\n\n<hr class=\"wp-block-separator has-text-color has-primary-color has-alpha-channel-opacity has-primary-background-color has-background\"\/>\n\n\n\n<div class=\"wp-block-group is-content-justification-center is-layout-flex wp-container-core-group-is-layout-b02886af wp-block-group-is-layout-flex\">\n<figure class=\"wp-block-image size-full is-resized\"><img loading=\"lazy\" decoding=\"async\" width=\"213\" height=\"142\" src=\"https:\/\/constructionparox.com\/wp-content\/uploads\/2024\/10\/SDV_300x200-1.png\" alt=\"\" class=\"wp-image-3897\" style=\"width:120px\"\/><\/figure>\n\n\n\n<figure class=\"wp-block-image size-full is-resized\"><img loading=\"lazy\" decoding=\"async\" width=\"152\" height=\"88\" src=\"https:\/\/constructionparox.com\/wp-content\/uploads\/2024\/10\/3db1efcee8f4a89e643e3869a426023c0a64d7fc-1.png\" alt=\"\" class=\"wp-image-3899\" style=\"width:80px\" srcset=\"https:\/\/constructionparox.com\/wp-content\/uploads\/2024\/10\/3db1efcee8f4a89e643e3869a426023c0a64d7fc-1.png 152w, https:\/\/constructionparox.com\/wp-content\/uploads\/2024\/10\/3db1efcee8f4a89e643e3869a426023c0a64d7fc-1-150x88.png 150w\" sizes=\"auto, (max-width: 152px) 100vw, 152px\" \/><\/figure>\n\n\n\n<figure class=\"wp-block-image size-full is-resized\"><img loading=\"lazy\" decoding=\"async\" width=\"148\" height=\"78\" src=\"https:\/\/constructionparox.com\/wp-content\/uploads\/2024\/10\/Group-33.png\" alt=\"\" class=\"wp-image-3901\" style=\"width:100px\"\/><\/figure>\n<\/div>\n<\/div>\n\n\n\n<div class=\"wp-block-column is-layout-flow wp-block-column-is-layout-flow\">\n<div style=\"height:100px\" aria-hidden=\"true\" class=\"wp-block-spacer\"><\/div>\n\n\n\n<h3 class=\"wp-block-heading has-text-align-center has-primary-color has-text-color has-link-color has-medium-font-size wp-elements-b0ae2f47994b1add03d0c2c00188a9e1\" style=\"text-transform:uppercase\">Commercial sector<\/h3>\n\n\n\n<hr class=\"wp-block-separator has-text-color has-primary-color has-alpha-channel-opacity has-primary-background-color has-background\"\/>\n\n\n\n<div class=\"wp-block-group is-content-justification-center is-layout-flex wp-container-core-group-is-layout-b02886af wp-block-group-is-layout-flex\">\n<figure class=\"wp-block-image size-full is-resized\"><img loading=\"lazy\" decoding=\"async\" width=\"174\" height=\"175\" src=\"https:\/\/constructionparox.com\/wp-content\/uploads\/2024\/10\/OASIS_IMMERSION_logo_WHITE_Sans-Filets_square_transparency-1.png\" alt=\"\" class=\"wp-image-3906\" style=\"width:65px\" srcset=\"https:\/\/constructionparox.com\/wp-content\/uploads\/2024\/10\/OASIS_IMMERSION_logo_WHITE_Sans-Filets_square_transparency-1.png 174w, https:\/\/constructionparox.com\/wp-content\/uploads\/2024\/10\/OASIS_IMMERSION_logo_WHITE_Sans-Filets_square_transparency-1-150x150.png 150w\" sizes=\"auto, (max-width: 174px) 100vw, 174px\" \/><\/figure>\n\n\n\n<figure class=\"wp-block-image size-full is-resized\"><img loading=\"lazy\" decoding=\"async\" width=\"256\" height=\"122\" src=\"https:\/\/constructionparox.com\/wp-content\/uploads\/2024\/10\/Group-34.png\" alt=\"\" class=\"wp-image-3908\" style=\"width:80px\"\/><\/figure>\n\n\n\n<figure class=\"wp-block-image size-full is-resized\"><img loading=\"lazy\" decoding=\"async\" width=\"110\" height=\"200\" src=\"https:\/\/constructionparox.com\/wp-content\/uploads\/2024\/10\/qtq_95-1.png\" alt=\"\" class=\"wp-image-3913\" style=\"width:50px\"\/><\/figure>\n<\/div>\n<\/div>\n\n\n\n<div class=\"wp-block-column is-layout-flow wp-block-column-is-layout-flow\">\n<div style=\"height:100px\" aria-hidden=\"true\" class=\"wp-block-spacer\"><\/div>\n\n\n\n<div style=\"height:100px\" aria-hidden=\"true\" class=\"wp-block-spacer\"><\/div>\n\n\n\n<h3 class=\"wp-block-heading has-text-align-center has-primary-color has-text-color has-link-color has-medium-font-size wp-elements-92ec749f98555feb0928c805807d10b7\" style=\"text-transform:uppercase\">Agri-food sector<\/h3>\n\n\n\n<hr class=\"wp-block-separator has-text-color has-primary-color has-alpha-channel-opacity has-primary-background-color has-background\"\/>\n\n\n\n<div class=\"wp-block-group is-content-justification-center is-layout-flex wp-container-core-group-is-layout-b02886af wp-block-group-is-layout-flex\">\n<figure class=\"wp-block-image size-full is-resized\"><img loading=\"lazy\" decoding=\"async\" width=\"197\" height=\"210\" src=\"https:\/\/constructionparox.com\/wp-content\/uploads\/2024\/10\/Group-35.png\" alt=\"\" class=\"wp-image-3919\" style=\"width:65px\"\/><\/figure>\n\n\n\n<figure class=\"wp-block-image size-full is-resized\"><img loading=\"lazy\" decoding=\"async\" width=\"328\" height=\"80\" src=\"https:\/\/constructionparox.com\/wp-content\/uploads\/2024\/10\/Vector-26.png\" alt=\"\" class=\"wp-image-3917\" style=\"width:114px\"\/><\/figure>\n\n\n\n<figure class=\"wp-block-image size-full is-resized\"><img loading=\"lazy\" decoding=\"async\" width=\"287\" height=\"191\" src=\"https:\/\/constructionparox.com\/wp-content\/uploads\/2024\/10\/logo-1.png\" alt=\"\" class=\"wp-image-3915\" style=\"width:90px\"\/><\/figure>\n<\/div>\n<\/div>\n<\/div>\n\n\n\n<div style=\"height:15px\" aria-hidden=\"true\" class=\"wp-block-spacer\"><\/div>\n\n\n\n<div class=\"wp-block-group is-content-justification-center is-nowrap is-layout-flex wp-container-core-group-is-layout-23441af8 wp-block-group-is-layout-flex\">\r\n  <a class=\"orphic-parox-block-button-parox align wp-block-acf-button-parox\" href=\"https:\/\/constructionparox.com\/en\/realisations\" target=\"\" style=\"--parox-button-color: var(--wp--preset--color--primary);\r\n              --parox-button-border-color: var(--wp--preset--color--black);\r\n    \">\r\n    <span>See all clients<\/span>\r\n    <svg viewBox=\"0 0 12 16\" fill=\"none\" xmlns=\"http:\/\/www.w3.org\/2000\/svg\">\r\n      <path d=\"M10.5 3H11V3.5V10.5V11H9.99995V10.5V4.70625L2.10308 12.6031L1.74995 12.9563L1.0437 12.25L1.39683 11.8969L9.2937 4H3.49995H2.99995V3H3.49995H10.5Z\" fill=\"white\" \/>\r\n    <\/svg>\r\n    <div class=\"orphic-parox-block-button-parox__border_bottom_absolute\"><\/div>\r\n  <\/a>\r\n<\/div>\n<\/div>\n\n\n\n<div style=\"height:46px\" aria-hidden=\"true\" class=\"wp-block-spacer\"><\/div>\n\n\n<div class=\"parox-line-title align wp-block-acf-line-title\">\r\n  <div class=\"orphic-parox-block-promise-block__title\">\r\n    <div class=\"orphic-parox-block-promise-block__title-line-wrapper\">\r\n      <div class=\"acf-innerblocks-container\">\n\n<h2 class=\"wp-block-heading has-primary-color has-text-color has-link-color wp-elements-3e40e8802fb5f359f6580a43ed52c542\" style=\"text-transform:uppercase\">Our approach<\/h2>\n\n<\/div>\r\n      <div class=\"orphic-parox-block-promise-block__title-line\"><\/div>\r\n    <\/div>\r\n  <\/div>\r\n<\/div>\n\n\n<div class=\"wp-block-columns are-vertically-aligned-center is-layout-flex wp-container-core-columns-is-layout-28f84493 wp-block-columns-is-layout-flex\">\n<div class=\"wp-block-column is-vertically-aligned-center is-layout-flow wp-block-column-is-layout-flow\">\n<figure class=\"wp-block-image size-large hide-on-mobile\"><img loading=\"lazy\" decoding=\"async\" width=\"1000\" height=\"667\" src=\"https:\/\/constructionparox.com\/wp-content\/uploads\/2020\/05\/SL102106_MLetJFF_CHOIX_1_retouche-cheveux_LR.jpg\" alt=\"\" class=\"wp-image-1210\" srcset=\"https:\/\/constructionparox.com\/wp-content\/uploads\/2020\/05\/SL102106_MLetJFF_CHOIX_1_retouche-cheveux_LR.jpg 1000w, https:\/\/constructionparox.com\/wp-content\/uploads\/2020\/05\/SL102106_MLetJFF_CHOIX_1_retouche-cheveux_LR-450x300.jpg 450w, https:\/\/constructionparox.com\/wp-content\/uploads\/2020\/05\/SL102106_MLetJFF_CHOIX_1_retouche-cheveux_LR-768x512.jpg 768w\" sizes=\"auto, (max-width: 1000px) 100vw, 1000px\" \/><\/figure>\n<\/div>\n\n\n\n<div class=\"wp-block-column is-vertically-aligned-center is-layout-flow wp-block-column-is-layout-flow\">\r\n<div id=\"block_0742a8b5b595bce1d68736c33b5c43ec\" class=\"parox-etapes-container\">\r\n        <div class=\"parox-floating-list-item-container\">\r\n        <h4 class=\"parox-floating-list__num\">1.<\/h4>\r\n        <p class=\"parox-floating-list__text\">We listen<\/p>\r\n    <\/div>\r\n        <div class=\"parox-floating-list-item-container\">\r\n        <h4 class=\"parox-floating-list__num\">2.<\/h4>\r\n        <p class=\"parox-floating-list__text\">We optimize<\/p>\r\n    <\/div>\r\n        <div class=\"parox-floating-list-item-container\">\r\n        <h4 class=\"parox-floating-list__num\">3.<\/h4>\r\n        <p class=\"parox-floating-list__text\">We build<\/p>\r\n    <\/div>\r\n        <div class=\"parox-floating-list-item-container\">\r\n        <h4 class=\"parox-floating-list__num\">4.<\/h4>\r\n        <p class=\"parox-floating-list__text\">We deliver<\/p>\r\n    <\/div>\r\n        <div class=\"parox-floating-list-item-container\">\r\n        <h4 class=\"parox-floating-list__num\">5.<\/h4>\r\n        <p class=\"parox-floating-list__text\">We seek full satisfaction!<\/p>\r\n    <\/div>\r\n    <\/div>\r\n<\/div>\n<\/div>\n\n\n\n<div style=\"height:70px\" aria-hidden=\"true\" class=\"wp-block-spacer\"><\/div>\n\n\n\n<div class=\"wp-block-group alignfull has-accent-background-color has-background has-global-padding is-layout-constrained wp-block-group-is-layout-constrained\">\n<div class=\"wp-block-columns are-vertically-aligned-center is-layout-flex wp-container-core-columns-is-layout-d877887f wp-block-columns-is-layout-flex\" style=\"padding-top:var(--wp--preset--spacing--60);padding-bottom:var(--wp--preset--spacing--60)\">\n<div class=\"wp-block-column is-vertically-aligned-center is-layout-flow wp-block-column-is-layout-flow\" style=\"flex-basis:70%\">\n<h2 class=\"wp-block-heading has-large-font-size\">The art of putting the finishing touches to projects!<\/h2>\n\n\n\n<p>Construction Parox regularly mandates Patrick Beaudin, a multidisciplinary artist from Longueuil, to create original canvases that are given to clients at the end of projects. These exclusive artworks often offer a playful view of the company\u2019s activities and mark the delivery of major projects carried out by Parox.<\/p>\n\n\n\n<div class=\"wp-block-group is-content-justification-left is-nowrap is-layout-flex wp-container-core-group-is-layout-fc9f69e7 wp-block-group-is-layout-flex\">\r\n  <a class=\"orphic-parox-block-button-parox align wp-block-acf-button-parox\" href=\"https:\/\/constructionparox.com\/en\/art-gallery\/\" target=\"\" style=\"--parox-button-color: var(--wp--preset--color--primary);\r\n              --parox-button-border-color: var(--wp--preset--color--black);\r\n    \">\r\n    <span>See the art gallery<\/span>\r\n    <svg viewBox=\"0 0 12 16\" fill=\"none\" xmlns=\"http:\/\/www.w3.org\/2000\/svg\">\r\n      <path d=\"M10.5 3H11V3.5V10.5V11H9.99995V10.5V4.70625L2.10308 12.6031L1.74995 12.9563L1.0437 12.25L1.39683 11.8969L9.2937 4H3.49995H2.99995V3H3.49995H10.5Z\" fill=\"white\" \/>\r\n    <\/svg>\r\n    <div class=\"orphic-parox-block-button-parox__border_bottom_absolute\"><\/div>\r\n  <\/a>\r\n<\/div>\n<\/div>\n\n\n\n<div class=\"wp-block-column is-vertically-aligned-center is-layout-flow wp-block-column-is-layout-flow\" style=\"flex-basis:30%\">\n<figure class=\"wp-block-image size-large\"><img loading=\"lazy\" decoding=\"async\" width=\"631\" height=\"1024\" src=\"https:\/\/constructionparox.com\/wp-content\/uploads\/2020\/05\/emeraude48x30-631x1024.jpg\" alt=\"\" class=\"wp-image-104\" style=\"object-fit:cover\"\/><\/figure>\n<\/div>\n<\/div>\n<\/div>\n","protected":false},"excerpt":{"rendered":"<p>From family business to multinational Our clients are companies of all sizes. Whether they&#8217;re start-ups, family businesses, national organizations or divisions of multinationals, we like to understand the realities on the ground. Construction Parox adapts to ensure that projects are completed on time and on budget, without compromising the quality and inventiveness required to make [&hellip;]<\/p>\n","protected":false},"author":1,"featured_media":0,"parent":0,"menu_order":0,"comment_status":"closed","ping_status":"closed","template":"","meta":{"_acf_changed":false,"footnotes":""},"class_list":["post-1638","page","type-page","status-publish","hentry"],"acf":[],"yoast_head":"<!-- This site is optimized with the Yoast SEO plugin v25.5 - https:\/\/yoast.com\/wordpress\/plugins\/seo\/ -->\n<title>Clients | Construction Parox<\/title>\n<meta name=\"description\" content=\"Construction Parox adapts to ensure that projects are completed on time and on budget. Our clients are companies of all sizes.\" \/>\n<meta name=\"robots\" content=\"index, follow, max-snippet:-1, max-image-preview:large, max-video-preview:-1\" \/>\n<link rel=\"canonical\" href=\"https:\/\/constructionparox.com\/en\/clients\/\" \/>\n<meta property=\"og:locale\" content=\"en_US\" \/>\n<meta property=\"og:type\" content=\"article\" \/>\n<meta property=\"og:title\" content=\"Clients | Construction Parox\" \/>\n<meta property=\"og:description\" content=\"Construction Parox adapts to ensure that projects are completed on time and on budget. Our clients are companies of all sizes.\" \/>\n<meta property=\"og:url\" content=\"https:\/\/constructionparox.com\/en\/clients\/\" \/>\n<meta property=\"og:site_name\" content=\"Construction Parox\" \/>\n<meta property=\"article:publisher\" content=\"https:\/\/www.facebook.com\/Construction-Parox-106295571134291\" \/>\n<meta property=\"article:modified_time\" content=\"2024-10-06T23:58:41+00:00\" \/>\n<meta property=\"og:image\" content=\"https:\/\/constructionparox.com\/wp-content\/uploads\/2024\/10\/SDV_300x200-1.png\" \/>\n<meta name=\"twitter:card\" content=\"summary_large_image\" \/>\n<meta name=\"twitter:label1\" content=\"Est. reading time\" \/>\n\t<meta name=\"twitter:data1\" content=\"1 minute\" \/>\n<script type=\"application\/ld+json\" class=\"yoast-schema-graph\">{\"@context\":\"https:\/\/schema.org\",\"@graph\":[{\"@type\":\"WebPage\",\"@id\":\"https:\/\/constructionparox.com\/en\/clients\/\",\"url\":\"https:\/\/constructionparox.com\/en\/clients\/\",\"name\":\"Clients | Construction Parox\",\"isPartOf\":{\"@id\":\"https:\/\/constructionparox.com\/en\/#website\"},\"primaryImageOfPage\":{\"@id\":\"https:\/\/constructionparox.com\/en\/clients\/#primaryimage\"},\"image\":{\"@id\":\"https:\/\/constructionparox.com\/en\/clients\/#primaryimage\"},\"thumbnailUrl\":\"https:\/\/constructionparox.com\/wp-content\/uploads\/2024\/10\/SDV_300x200-1.png\",\"datePublished\":\"2020-05-08T01:19:38+00:00\",\"dateModified\":\"2024-10-06T23:58:41+00:00\",\"description\":\"Construction Parox adapts to ensure that projects are completed on time and on budget. Our clients are companies of all sizes.\",\"breadcrumb\":{\"@id\":\"https:\/\/constructionparox.com\/en\/clients\/#breadcrumb\"},\"inLanguage\":\"en-CA\",\"potentialAction\":[{\"@type\":\"ReadAction\",\"target\":[\"https:\/\/constructionparox.com\/en\/clients\/\"]}]},{\"@type\":\"ImageObject\",\"inLanguage\":\"en-CA\",\"@id\":\"https:\/\/constructionparox.com\/en\/clients\/#primaryimage\",\"url\":\"https:\/\/constructionparox.com\/wp-content\/uploads\/2024\/10\/SDV_300x200-1.png\",\"contentUrl\":\"https:\/\/constructionparox.com\/wp-content\/uploads\/2024\/10\/SDV_300x200-1.png\"},{\"@type\":\"BreadcrumbList\",\"@id\":\"https:\/\/constructionparox.com\/en\/clients\/#breadcrumb\",\"itemListElement\":[{\"@type\":\"ListItem\",\"position\":1,\"name\":\"Accueil\",\"item\":\"https:\/\/constructionparox.com\/en\/\"},{\"@type\":\"ListItem\",\"position\":2,\"name\":\"Clients\"}]},{\"@type\":\"WebSite\",\"@id\":\"https:\/\/constructionparox.com\/en\/#website\",\"url\":\"https:\/\/constructionparox.com\/en\/\",\"name\":\"Construction Parox\",\"description\":\"De l&#039;id\u00e9e \u00e0 la r\u00e9alisation, nous partageons votre passion !\",\"publisher\":{\"@id\":\"https:\/\/constructionparox.com\/en\/#organization\"},\"potentialAction\":[{\"@type\":\"SearchAction\",\"target\":{\"@type\":\"EntryPoint\",\"urlTemplate\":\"https:\/\/constructionparox.com\/en\/?s={search_term_string}\"},\"query-input\":{\"@type\":\"PropertyValueSpecification\",\"valueRequired\":true,\"valueName\":\"search_term_string\"}}],\"inLanguage\":\"en-CA\"},{\"@type\":\"Organization\",\"@id\":\"https:\/\/constructionparox.com\/en\/#organization\",\"name\":\"Construction Parox\",\"url\":\"https:\/\/constructionparox.com\/en\/\",\"logo\":{\"@type\":\"ImageObject\",\"inLanguage\":\"en-CA\",\"@id\":\"https:\/\/constructionparox.com\/en\/#\/schema\/logo\/image\/\",\"url\":\"https:\/\/constructionparox.com\/wp-content\/uploads\/2024\/10\/Parox_Construction_Logo_Rouge_RGB-1.png\",\"contentUrl\":\"https:\/\/constructionparox.com\/wp-content\/uploads\/2024\/10\/Parox_Construction_Logo_Rouge_RGB-1.png\",\"width\":720,\"height\":311,\"caption\":\"Construction Parox\"},\"image\":{\"@id\":\"https:\/\/constructionparox.com\/en\/#\/schema\/logo\/image\/\"},\"sameAs\":[\"https:\/\/www.facebook.com\/Construction-Parox-106295571134291\",\"https:\/\/www.linkedin.com\/company\/construction-parox\/\"]}]}<\/script>\n<!-- \/ Yoast SEO plugin. -->","yoast_head_json":{"title":"Clients | Construction Parox","description":"Construction Parox adapts to ensure that projects are completed on time and on budget. Our clients are companies of all sizes.","robots":{"index":"index","follow":"follow","max-snippet":"max-snippet:-1","max-image-preview":"max-image-preview:large","max-video-preview":"max-video-preview:-1"},"canonical":"https:\/\/constructionparox.com\/en\/clients\/","og_locale":"en_US","og_type":"article","og_title":"Clients | Construction Parox","og_description":"Construction Parox adapts to ensure that projects are completed on time and on budget. Our clients are companies of all sizes.","og_url":"https:\/\/constructionparox.com\/en\/clients\/","og_site_name":"Construction Parox","article_publisher":"https:\/\/www.facebook.com\/Construction-Parox-106295571134291","article_modified_time":"2024-10-06T23:58:41+00:00","og_image":[{"url":"https:\/\/constructionparox.com\/wp-content\/uploads\/2024\/10\/SDV_300x200-1.png","type":"","width":"","height":""}],"twitter_card":"summary_large_image","twitter_misc":{"Est. reading time":"1 minute"},"schema":{"@context":"https:\/\/schema.org","@graph":[{"@type":"WebPage","@id":"https:\/\/constructionparox.com\/en\/clients\/","url":"https:\/\/constructionparox.com\/en\/clients\/","name":"Clients | Construction Parox","isPartOf":{"@id":"https:\/\/constructionparox.com\/en\/#website"},"primaryImageOfPage":{"@id":"https:\/\/constructionparox.com\/en\/clients\/#primaryimage"},"image":{"@id":"https:\/\/constructionparox.com\/en\/clients\/#primaryimage"},"thumbnailUrl":"https:\/\/constructionparox.com\/wp-content\/uploads\/2024\/10\/SDV_300x200-1.png","datePublished":"2020-05-08T01:19:38+00:00","dateModified":"2024-10-06T23:58:41+00:00","description":"Construction Parox adapts to ensure that projects are completed on time and on budget. Our clients are companies of all sizes.","breadcrumb":{"@id":"https:\/\/constructionparox.com\/en\/clients\/#breadcrumb"},"inLanguage":"en-CA","potentialAction":[{"@type":"ReadAction","target":["https:\/\/constructionparox.com\/en\/clients\/"]}]},{"@type":"ImageObject","inLanguage":"en-CA","@id":"https:\/\/constructionparox.com\/en\/clients\/#primaryimage","url":"https:\/\/constructionparox.com\/wp-content\/uploads\/2024\/10\/SDV_300x200-1.png","contentUrl":"https:\/\/constructionparox.com\/wp-content\/uploads\/2024\/10\/SDV_300x200-1.png"},{"@type":"BreadcrumbList","@id":"https:\/\/constructionparox.com\/en\/clients\/#breadcrumb","itemListElement":[{"@type":"ListItem","position":1,"name":"Accueil","item":"https:\/\/constructionparox.com\/en\/"},{"@type":"ListItem","position":2,"name":"Clients"}]},{"@type":"WebSite","@id":"https:\/\/constructionparox.com\/en\/#website","url":"https:\/\/constructionparox.com\/en\/","name":"Construction Parox","description":"De l&#039;id\u00e9e \u00e0 la r\u00e9alisation, nous partageons votre passion !","publisher":{"@id":"https:\/\/constructionparox.com\/en\/#organization"},"potentialAction":[{"@type":"SearchAction","target":{"@type":"EntryPoint","urlTemplate":"https:\/\/constructionparox.com\/en\/?s={search_term_string}"},"query-input":{"@type":"PropertyValueSpecification","valueRequired":true,"valueName":"search_term_string"}}],"inLanguage":"en-CA"},{"@type":"Organization","@id":"https:\/\/constructionparox.com\/en\/#organization","name":"Construction Parox","url":"https:\/\/constructionparox.com\/en\/","logo":{"@type":"ImageObject","inLanguage":"en-CA","@id":"https:\/\/constructionparox.com\/en\/#\/schema\/logo\/image\/","url":"https:\/\/constructionparox.com\/wp-content\/uploads\/2024\/10\/Parox_Construction_Logo_Rouge_RGB-1.png","contentUrl":"https:\/\/constructionparox.com\/wp-content\/uploads\/2024\/10\/Parox_Construction_Logo_Rouge_RGB-1.png","width":720,"height":311,"caption":"Construction Parox"},"image":{"@id":"https:\/\/constructionparox.com\/en\/#\/schema\/logo\/image\/"},"sameAs":["https:\/\/www.facebook.com\/Construction-Parox-106295571134291","https:\/\/www.linkedin.com\/company\/construction-parox\/"]}]}},"_links":{"self":[{"href":"https:\/\/constructionparox.com\/en\/wp-json\/wp\/v2\/pages\/1638","targetHints":{"allow":["GET"]}}],"collection":[{"href":"https:\/\/constructionparox.com\/en\/wp-json\/wp\/v2\/pages"}],"about":[{"href":"https:\/\/constructionparox.com\/en\/wp-json\/wp\/v2\/types\/page"}],"author":[{"embeddable":true,"href":"https:\/\/constructionparox.com\/en\/wp-json\/wp\/v2\/users\/1"}],"replies":[{"embeddable":true,"href":"https:\/\/constructionparox.com\/en\/wp-json\/wp\/v2\/comments?post=1638"}],"version-history":[{"count":28,"href":"https:\/\/constructionparox.com\/en\/wp-json\/wp\/v2\/pages\/1638\/revisions"}],"predecessor-version":[{"id":4189,"href":"https:\/\/constructionparox.com\/en\/wp-json\/wp\/v2\/pages\/1638\/revisions\/4189"}],"wp:attachment":[{"href":"https:\/\/constructionparox.com\/en\/wp-json\/wp\/v2\/media?parent=1638"}],"curies":[{"name":"wp","href":"https:\/\/api.w.org\/{rel}","templated":true}]}}