{"id":1641,"date":"2020-05-08T03:27:51","date_gmt":"2020-05-08T01:27:51","guid":{"rendered":"https:\/\/cbo-clients.ca\/refonte-parox\/galerie-des-oeuvres\/"},"modified":"2024-10-07T01:59:07","modified_gmt":"2024-10-06T23:59:07","slug":"art-gallery","status":"publish","type":"page","link":"https:\/\/constructionparox.com\/en\/art-gallery\/","title":{"rendered":"Gallery of works"},"content":{"rendered":"\n<div class=\"wp-block-group alignfull has-accent-background-color has-background has-global-padding is-layout-constrained wp-block-group-is-layout-constrained\" style=\"padding-top:var(--wp--preset--spacing--70);padding-bottom:var(--wp--preset--spacing--70)\"><div class=\"parox-line-title align wp-block-acf-line-title\">\r\n  <div class=\"orphic-parox-block-promise-block__title\">\r\n    <div class=\"orphic-parox-block-promise-block__title-line-wrapper\">\r\n      <div class=\"acf-innerblocks-container\">\n<h1 style=\"text-transform:uppercase;\" class=\"has-link-color wp-elements-52a77dd0c272b808137141065cfdd8b6 wp-block-post-title has-text-color has-primary-color has-x-large-font-size\">Gallery of works<\/h1>\n<\/div>\r\n      <div class=\"orphic-parox-block-promise-block__title-line\"><\/div>\r\n    <\/div>\r\n  <\/div>\r\n<\/div>\n\n\n<p>Construction Parox regularly commissions Patrick Beaudin, a multidisciplinary artist from Longueuil, to create original canvases that are handed over to customers at the end of projects.\nThese exclusive canvases often offer a playful view of the company&#8217;s activities, and mark the delivery of major projects completed by Parox. <\/p>\n\n\n\n<div style=\"height:35px\" aria-hidden=\"true\" class=\"wp-block-spacer\"><\/div>\n\n\n\n<div class=\"wp-block-columns is-layout-flex wp-container-core-columns-is-layout-28f84493 wp-block-columns-is-layout-flex\">\n<div class=\"wp-block-column is-layout-flow wp-block-column-is-layout-flow\">\n<div class=\"wp-block-columns is-not-stacked-on-mobile is-layout-flex wp-container-core-columns-is-layout-28f84493 wp-block-columns-is-layout-flex\">\n<div class=\"wp-block-column is-layout-flow wp-block-column-is-layout-flow\">\n<figure class=\"wp-block-image aligncenter size-large\"><img loading=\"lazy\" decoding=\"async\" width=\"300\" height=\"481\" src=\"https:\/\/constructionparox.com\/wp-content\/uploads\/2024\/10\/st-benoit_opt-e1588892622266.png\" alt=\"\" class=\"wp-image-3941\" srcset=\"https:\/\/constructionparox.com\/wp-content\/uploads\/2024\/10\/st-benoit_opt-e1588892622266.png 300w, https:\/\/constructionparox.com\/wp-content\/uploads\/2024\/10\/st-benoit_opt-e1588892622266-281x450.png 281w\" sizes=\"auto, (max-width: 300px) 100vw, 300px\" \/><\/figure>\n<\/div>\n\n\n\n<div class=\"wp-block-column is-layout-flow wp-block-column-is-layout-flow\">\n<figure class=\"wp-block-image aligncenter size-large\"><img loading=\"lazy\" decoding=\"async\" width=\"300\" height=\"484\" src=\"https:\/\/constructionparox.com\/wp-content\/uploads\/2024\/10\/mindbodyandsoul48x30_opt-e1588892628694.jpg\" alt=\"\" class=\"wp-image-3943\" srcset=\"https:\/\/constructionparox.com\/wp-content\/uploads\/2024\/10\/mindbodyandsoul48x30_opt-e1588892628694.jpg 300w, https:\/\/constructionparox.com\/wp-content\/uploads\/2024\/10\/mindbodyandsoul48x30_opt-e1588892628694-279x450.jpg 279w\" sizes=\"auto, (max-width: 300px) 100vw, 300px\" \/><\/figure>\n<\/div>\n<\/div>\n<\/div>\n\n\n\n<div class=\"wp-block-column is-layout-flow wp-block-column-is-layout-flow\">\n<div class=\"wp-block-columns is-not-stacked-on-mobile is-layout-flex wp-container-core-columns-is-layout-28f84493 wp-block-columns-is-layout-flex\">\n<div class=\"wp-block-column is-layout-flow wp-block-column-is-layout-flow\">\n<figure class=\"wp-block-image aligncenter size-large\"><img loading=\"lazy\" decoding=\"async\" width=\"300\" height=\"481\" src=\"https:\/\/constructionparox.com\/wp-content\/uploads\/2024\/10\/jefo_opt-e1588892633901.png\" alt=\"\" class=\"wp-image-3937\" srcset=\"https:\/\/constructionparox.com\/wp-content\/uploads\/2024\/10\/jefo_opt-e1588892633901.png 300w, https:\/\/constructionparox.com\/wp-content\/uploads\/2024\/10\/jefo_opt-e1588892633901-281x450.png 281w\" sizes=\"auto, (max-width: 300px) 100vw, 300px\" \/><\/figure>\n<\/div>\n\n\n\n<div class=\"wp-block-column is-layout-flow wp-block-column-is-layout-flow\">\n<figure class=\"wp-block-image aligncenter size-large\"><img loading=\"lazy\" decoding=\"async\" width=\"300\" height=\"476\" src=\"https:\/\/constructionparox.com\/wp-content\/uploads\/2024\/10\/gaudet_opt-e1588892638863.png\" alt=\"\" class=\"wp-image-3939\" srcset=\"https:\/\/constructionparox.com\/wp-content\/uploads\/2024\/10\/gaudet_opt-e1588892638863.png 300w, https:\/\/constructionparox.com\/wp-content\/uploads\/2024\/10\/gaudet_opt-e1588892638863-284x450.png 284w\" sizes=\"auto, (max-width: 300px) 100vw, 300px\" \/><\/figure>\n<\/div>\n<\/div>\n<\/div>\n<\/div>\n\n\n\n<div class=\"wp-block-columns is-layout-flex wp-container-core-columns-is-layout-28f84493 wp-block-columns-is-layout-flex\">\n<div class=\"wp-block-column is-layout-flow wp-block-column-is-layout-flow\">\n<div class=\"wp-block-columns is-not-stacked-on-mobile is-layout-flex wp-container-core-columns-is-layout-28f84493 wp-block-columns-is-layout-flex\">\n<div class=\"wp-block-column is-layout-flow wp-block-column-is-layout-flow\">\n<figure class=\"wp-block-image aligncenter size-full\"><img loading=\"lazy\" decoding=\"async\" width=\"300\" height=\"476\" src=\"https:\/\/constructionparox.com\/wp-content\/uploads\/2024\/10\/entrepotfrigorifique48x30_opt-e1588892643126.jpg\" alt=\"\" class=\"wp-image-3953\" srcset=\"https:\/\/constructionparox.com\/wp-content\/uploads\/2024\/10\/entrepotfrigorifique48x30_opt-e1588892643126.jpg 300w, https:\/\/constructionparox.com\/wp-content\/uploads\/2024\/10\/entrepotfrigorifique48x30_opt-e1588892643126-284x450.jpg 284w\" sizes=\"auto, (max-width: 300px) 100vw, 300px\" \/><\/figure>\n<\/div>\n\n\n\n<div class=\"wp-block-column is-layout-flow wp-block-column-is-layout-flow\">\n<figure class=\"wp-block-image aligncenter size-full\"><img loading=\"lazy\" decoding=\"async\" width=\"300\" height=\"479\" src=\"https:\/\/constructionparox.com\/wp-content\/uploads\/2024\/10\/absolunet_opt-e1588892649966.png\" alt=\"\" class=\"wp-image-3955\" style=\"object-fit:cover\" srcset=\"https:\/\/constructionparox.com\/wp-content\/uploads\/2024\/10\/absolunet_opt-e1588892649966.png 300w, https:\/\/constructionparox.com\/wp-content\/uploads\/2024\/10\/absolunet_opt-e1588892649966-282x450.png 282w\" sizes=\"auto, (max-width: 300px) 100vw, 300px\" \/><\/figure>\n<\/div>\n<\/div>\n<\/div>\n\n\n\n<div class=\"wp-block-column is-layout-flow wp-block-column-is-layout-flow\">\n<div class=\"wp-block-columns is-not-stacked-on-mobile is-layout-flex wp-container-core-columns-is-layout-28f84493 wp-block-columns-is-layout-flex\">\n<div class=\"wp-block-column is-layout-flow wp-block-column-is-layout-flow\">\n<figure class=\"wp-block-image aligncenter size-full\"><img loading=\"lazy\" decoding=\"async\" width=\"300\" height=\"487\" src=\"https:\/\/constructionparox.com\/wp-content\/uploads\/2024\/10\/emeraude48x30-scaled-e1727932644714.jpg\" alt=\"\" class=\"wp-image-3957\"\/><\/figure>\n<\/div>\n\n\n\n<div class=\"wp-block-column is-layout-flow wp-block-column-is-layout-flow\">\n<figure class=\"wp-block-image aligncenter size-full\"><img loading=\"lazy\" decoding=\"async\" width=\"300\" height=\"491\" src=\"https:\/\/constructionparox.com\/wp-content\/uploads\/2024\/10\/sunnysideup48x30-scaled-e1727932621428.jpg\" alt=\"\" class=\"wp-image-3949\"\/><\/figure>\n<\/div>\n<\/div>\n<\/div>\n<\/div>\n\n\n\n<div class=\"wp-block-columns is-layout-flex wp-container-core-columns-is-layout-28f84493 wp-block-columns-is-layout-flex\">\n<div class=\"wp-block-column is-layout-flow wp-block-column-is-layout-flow\">\n<div class=\"wp-block-columns is-not-stacked-on-mobile is-layout-flex wp-container-core-columns-is-layout-28f84493 wp-block-columns-is-layout-flex\">\n<div class=\"wp-block-column is-layout-flow wp-block-column-is-layout-flow\">\n<figure class=\"wp-block-image aligncenter size-full\"><img loading=\"lazy\" decoding=\"async\" width=\"300\" height=\"482\" src=\"https:\/\/constructionparox.com\/wp-content\/uploads\/2024\/10\/lancetre48x30-scaled-e1727932635236.jpg\" alt=\"\" class=\"wp-image-3951\"\/><\/figure>\n<\/div>\n\n\n\n<div class=\"wp-block-column is-layout-flow wp-block-column-is-layout-flow\"><\/div>\n<\/div>\n<\/div>\n\n\n\n<div class=\"wp-block-column is-layout-flow wp-block-column-is-layout-flow\">\n<div class=\"wp-block-columns is-not-stacked-on-mobile is-layout-flex wp-container-core-columns-is-layout-28f84493 wp-block-columns-is-layout-flex\">\n<div class=\"wp-block-column is-layout-flow wp-block-column-is-layout-flow\"><\/div>\n\n\n\n<div class=\"wp-block-column is-layout-flow wp-block-column-is-layout-flow\"><\/div>\n<\/div>\n<\/div>\n<\/div>\n\n\n\n<div style=\"height:15px\" aria-hidden=\"true\" class=\"wp-block-spacer\"><\/div>\n\n\n\n<div class=\"wp-block-group is-content-justification-center is-nowrap is-layout-flex wp-container-core-group-is-layout-23441af8 wp-block-group-is-layout-flex\">\r\n  <a class=\"orphic-parox-block-button-parox align wp-block-acf-button-parox\" href=\"https:\/\/constructionparox.com\/en\/realisations\" target=\"\" style=\"--parox-button-color: var(--wp--preset--color--primary);\r\n              --parox-button-border-color: var(--wp--preset--color--black);\r\n    \">\r\n    <span>See our projects<\/span>\r\n    <svg viewBox=\"0 0 12 16\" fill=\"none\" xmlns=\"http:\/\/www.w3.org\/2000\/svg\">\r\n      <path d=\"M10.5 3H11V3.5V10.5V11H9.99995V10.5V4.70625L2.10308 12.6031L1.74995 12.9563L1.0437 12.25L1.39683 11.8969L9.2937 4H3.49995H2.99995V3H3.49995H10.5Z\" fill=\"white\" \/>\r\n    <\/svg>\r\n    <div class=\"orphic-parox-block-button-parox__border_bottom_absolute\"><\/div>\r\n  <\/a>\r\n<\/div>\n<\/div>\n","protected":false},"excerpt":{"rendered":"<p>Construction Parox regularly commissions Patrick Beaudin, a multidisciplinary artist from Longueuil, to create original canvases that are handed over to customers at the end of projects. These exclusive canvases often offer a playful view of the company&#8217;s activities, and mark the delivery of major projects completed by Parox.<\/p>\n","protected":false},"author":1,"featured_media":0,"parent":0,"menu_order":0,"comment_status":"closed","ping_status":"closed","template":"","meta":{"_acf_changed":false,"footnotes":""},"class_list":["post-1641","page","type-page","status-publish","hentry"],"acf":[],"yoast_head":"<!-- This site is optimized with the Yoast SEO plugin v25.5 - https:\/\/yoast.com\/wordpress\/plugins\/seo\/ -->\n<title>Gallery of works | Construction Parox<\/title>\n<meta name=\"description\" content=\"Construction Parox regularly commissions Patrick Beaudin, a multidisciplinary artist from Longueuil, to create original canvases that are handed over to customers at the end of projects.\" \/>\n<meta name=\"robots\" content=\"index, follow, max-snippet:-1, max-image-preview:large, max-video-preview:-1\" \/>\n<link rel=\"canonical\" href=\"https:\/\/constructionparox.com\/en\/art-gallery\/\" \/>\n<meta property=\"og:locale\" content=\"en_US\" \/>\n<meta property=\"og:type\" content=\"article\" \/>\n<meta property=\"og:title\" content=\"Gallery of works | Construction Parox\" \/>\n<meta property=\"og:description\" content=\"Construction Parox regularly commissions Patrick Beaudin, a multidisciplinary artist from Longueuil, to create original canvases that are handed over to customers at the end of projects.\" \/>\n<meta property=\"og:url\" content=\"https:\/\/constructionparox.com\/en\/art-gallery\/\" \/>\n<meta property=\"og:site_name\" content=\"Construction Parox\" \/>\n<meta property=\"article:publisher\" content=\"https:\/\/www.facebook.com\/Construction-Parox-106295571134291\" \/>\n<meta property=\"article:modified_time\" content=\"2024-10-06T23:59:07+00:00\" \/>\n<meta property=\"og:image\" content=\"https:\/\/constructionparox.com\/wp-content\/uploads\/2024\/10\/st-benoit_opt-e1588892622266.png\" \/>\n<meta name=\"twitter:card\" content=\"summary_large_image\" \/>\n<script type=\"application\/ld+json\" class=\"yoast-schema-graph\">{\"@context\":\"https:\/\/schema.org\",\"@graph\":[{\"@type\":\"WebPage\",\"@id\":\"https:\/\/constructionparox.com\/en\/art-gallery\/\",\"url\":\"https:\/\/constructionparox.com\/en\/art-gallery\/\",\"name\":\"Gallery of works | Construction Parox\",\"isPartOf\":{\"@id\":\"https:\/\/constructionparox.com\/en\/#website\"},\"primaryImageOfPage\":{\"@id\":\"https:\/\/constructionparox.com\/en\/art-gallery\/#primaryimage\"},\"image\":{\"@id\":\"https:\/\/constructionparox.com\/en\/art-gallery\/#primaryimage\"},\"thumbnailUrl\":\"https:\/\/constructionparox.com\/wp-content\/uploads\/2024\/10\/st-benoit_opt-e1588892622266.png\",\"datePublished\":\"2020-05-08T01:27:51+00:00\",\"dateModified\":\"2024-10-06T23:59:07+00:00\",\"description\":\"Construction Parox regularly commissions Patrick Beaudin, a multidisciplinary artist from Longueuil, to create original canvases that are handed over to customers at the end of projects.\",\"breadcrumb\":{\"@id\":\"https:\/\/constructionparox.com\/en\/art-gallery\/#breadcrumb\"},\"inLanguage\":\"en-CA\",\"potentialAction\":[{\"@type\":\"ReadAction\",\"target\":[\"https:\/\/constructionparox.com\/en\/art-gallery\/\"]}]},{\"@type\":\"ImageObject\",\"inLanguage\":\"en-CA\",\"@id\":\"https:\/\/constructionparox.com\/en\/art-gallery\/#primaryimage\",\"url\":\"https:\/\/constructionparox.com\/wp-content\/uploads\/2024\/10\/st-benoit_opt-e1588892622266.png\",\"contentUrl\":\"https:\/\/constructionparox.com\/wp-content\/uploads\/2024\/10\/st-benoit_opt-e1588892622266.png\"},{\"@type\":\"BreadcrumbList\",\"@id\":\"https:\/\/constructionparox.com\/en\/art-gallery\/#breadcrumb\",\"itemListElement\":[{\"@type\":\"ListItem\",\"position\":1,\"name\":\"Accueil\",\"item\":\"https:\/\/constructionparox.com\/en\/\"},{\"@type\":\"ListItem\",\"position\":2,\"name\":\"Gallery of works\"}]},{\"@type\":\"WebSite\",\"@id\":\"https:\/\/constructionparox.com\/en\/#website\",\"url\":\"https:\/\/constructionparox.com\/en\/\",\"name\":\"Construction Parox\",\"description\":\"De l&#039;id\u00e9e \u00e0 la r\u00e9alisation, nous partageons votre passion !\",\"publisher\":{\"@id\":\"https:\/\/constructionparox.com\/en\/#organization\"},\"potentialAction\":[{\"@type\":\"SearchAction\",\"target\":{\"@type\":\"EntryPoint\",\"urlTemplate\":\"https:\/\/constructionparox.com\/en\/?s={search_term_string}\"},\"query-input\":{\"@type\":\"PropertyValueSpecification\",\"valueRequired\":true,\"valueName\":\"search_term_string\"}}],\"inLanguage\":\"en-CA\"},{\"@type\":\"Organization\",\"@id\":\"https:\/\/constructionparox.com\/en\/#organization\",\"name\":\"Construction Parox\",\"url\":\"https:\/\/constructionparox.com\/en\/\",\"logo\":{\"@type\":\"ImageObject\",\"inLanguage\":\"en-CA\",\"@id\":\"https:\/\/constructionparox.com\/en\/#\/schema\/logo\/image\/\",\"url\":\"https:\/\/constructionparox.com\/wp-content\/uploads\/2024\/10\/Parox_Construction_Logo_Rouge_RGB-1.png\",\"contentUrl\":\"https:\/\/constructionparox.com\/wp-content\/uploads\/2024\/10\/Parox_Construction_Logo_Rouge_RGB-1.png\",\"width\":720,\"height\":311,\"caption\":\"Construction Parox\"},\"image\":{\"@id\":\"https:\/\/constructionparox.com\/en\/#\/schema\/logo\/image\/\"},\"sameAs\":[\"https:\/\/www.facebook.com\/Construction-Parox-106295571134291\",\"https:\/\/www.linkedin.com\/company\/construction-parox\/\"]}]}<\/script>\n<!-- \/ Yoast SEO plugin. -->","yoast_head_json":{"title":"Gallery of works | Construction Parox","description":"Construction Parox regularly commissions Patrick Beaudin, a multidisciplinary artist from Longueuil, to create original canvases that are handed over to customers at the end of projects.","robots":{"index":"index","follow":"follow","max-snippet":"max-snippet:-1","max-image-preview":"max-image-preview:large","max-video-preview":"max-video-preview:-1"},"canonical":"https:\/\/constructionparox.com\/en\/art-gallery\/","og_locale":"en_US","og_type":"article","og_title":"Gallery of works | Construction Parox","og_description":"Construction Parox regularly commissions Patrick Beaudin, a multidisciplinary artist from Longueuil, to create original canvases that are handed over to customers at the end of projects.","og_url":"https:\/\/constructionparox.com\/en\/art-gallery\/","og_site_name":"Construction Parox","article_publisher":"https:\/\/www.facebook.com\/Construction-Parox-106295571134291","article_modified_time":"2024-10-06T23:59:07+00:00","og_image":[{"url":"https:\/\/constructionparox.com\/wp-content\/uploads\/2024\/10\/st-benoit_opt-e1588892622266.png","type":"","width":"","height":""}],"twitter_card":"summary_large_image","schema":{"@context":"https:\/\/schema.org","@graph":[{"@type":"WebPage","@id":"https:\/\/constructionparox.com\/en\/art-gallery\/","url":"https:\/\/constructionparox.com\/en\/art-gallery\/","name":"Gallery of works | Construction Parox","isPartOf":{"@id":"https:\/\/constructionparox.com\/en\/#website"},"primaryImageOfPage":{"@id":"https:\/\/constructionparox.com\/en\/art-gallery\/#primaryimage"},"image":{"@id":"https:\/\/constructionparox.com\/en\/art-gallery\/#primaryimage"},"thumbnailUrl":"https:\/\/constructionparox.com\/wp-content\/uploads\/2024\/10\/st-benoit_opt-e1588892622266.png","datePublished":"2020-05-08T01:27:51+00:00","dateModified":"2024-10-06T23:59:07+00:00","description":"Construction Parox regularly commissions Patrick Beaudin, a multidisciplinary artist from Longueuil, to create original canvases that are handed over to customers at the end of projects.","breadcrumb":{"@id":"https:\/\/constructionparox.com\/en\/art-gallery\/#breadcrumb"},"inLanguage":"en-CA","potentialAction":[{"@type":"ReadAction","target":["https:\/\/constructionparox.com\/en\/art-gallery\/"]}]},{"@type":"ImageObject","inLanguage":"en-CA","@id":"https:\/\/constructionparox.com\/en\/art-gallery\/#primaryimage","url":"https:\/\/constructionparox.com\/wp-content\/uploads\/2024\/10\/st-benoit_opt-e1588892622266.png","contentUrl":"https:\/\/constructionparox.com\/wp-content\/uploads\/2024\/10\/st-benoit_opt-e1588892622266.png"},{"@type":"BreadcrumbList","@id":"https:\/\/constructionparox.com\/en\/art-gallery\/#breadcrumb","itemListElement":[{"@type":"ListItem","position":1,"name":"Accueil","item":"https:\/\/constructionparox.com\/en\/"},{"@type":"ListItem","position":2,"name":"Gallery of works"}]},{"@type":"WebSite","@id":"https:\/\/constructionparox.com\/en\/#website","url":"https:\/\/constructionparox.com\/en\/","name":"Construction Parox","description":"De l&#039;id\u00e9e \u00e0 la r\u00e9alisation, nous partageons votre passion !","publisher":{"@id":"https:\/\/constructionparox.com\/en\/#organization"},"potentialAction":[{"@type":"SearchAction","target":{"@type":"EntryPoint","urlTemplate":"https:\/\/constructionparox.com\/en\/?s={search_term_string}"},"query-input":{"@type":"PropertyValueSpecification","valueRequired":true,"valueName":"search_term_string"}}],"inLanguage":"en-CA"},{"@type":"Organization","@id":"https:\/\/constructionparox.com\/en\/#organization","name":"Construction Parox","url":"https:\/\/constructionparox.com\/en\/","logo":{"@type":"ImageObject","inLanguage":"en-CA","@id":"https:\/\/constructionparox.com\/en\/#\/schema\/logo\/image\/","url":"https:\/\/constructionparox.com\/wp-content\/uploads\/2024\/10\/Parox_Construction_Logo_Rouge_RGB-1.png","contentUrl":"https:\/\/constructionparox.com\/wp-content\/uploads\/2024\/10\/Parox_Construction_Logo_Rouge_RGB-1.png","width":720,"height":311,"caption":"Construction Parox"},"image":{"@id":"https:\/\/constructionparox.com\/en\/#\/schema\/logo\/image\/"},"sameAs":["https:\/\/www.facebook.com\/Construction-Parox-106295571134291","https:\/\/www.linkedin.com\/company\/construction-parox\/"]}]}},"_links":{"self":[{"href":"https:\/\/constructionparox.com\/en\/wp-json\/wp\/v2\/pages\/1641","targetHints":{"allow":["GET"]}}],"collection":[{"href":"https:\/\/constructionparox.com\/en\/wp-json\/wp\/v2\/pages"}],"about":[{"href":"https:\/\/constructionparox.com\/en\/wp-json\/wp\/v2\/types\/page"}],"author":[{"embeddable":true,"href":"https:\/\/constructionparox.com\/en\/wp-json\/wp\/v2\/users\/1"}],"replies":[{"embeddable":true,"href":"https:\/\/constructionparox.com\/en\/wp-json\/wp\/v2\/comments?post=1641"}],"version-history":[{"count":7,"href":"https:\/\/constructionparox.com\/en\/wp-json\/wp\/v2\/pages\/1641\/revisions"}],"predecessor-version":[{"id":4190,"href":"https:\/\/constructionparox.com\/en\/wp-json\/wp\/v2\/pages\/1641\/revisions\/4190"}],"wp:attachment":[{"href":"https:\/\/constructionparox.com\/en\/wp-json\/wp\/v2\/media?parent=1641"}],"curies":[{"name":"wp","href":"https:\/\/api.w.org\/{rel}","templated":true}]}}