{"id":3353,"date":"2023-12-18T04:35:13","date_gmt":"2023-12-18T03:35:13","guid":{"rendered":"https:\/\/constructionparox.com\/?page_id=3353"},"modified":"2024-10-03T21:37:20","modified_gmt":"2024-10-03T19:37:20","slug":"privacy-policy","status":"publish","type":"page","link":"https:\/\/constructionparox.com\/en\/privacy-policy\/","title":{"rendered":"Privacy policy"},"content":{"rendered":"\n<div style=\"height:100px\" aria-hidden=\"true\" class=\"wp-block-spacer\"><\/div>\n\n<h1 class=\"wp-block-heading\">Privacy policy<\/h1>\n\n<p>Construction Parox invites you to read its privacy policy.  <\/p>\n\n<p>At Construction Parox, we take the protection of your personal, professional and confidential information very seriously.\nWith the emergence of digital means of communication, it is essential to apply a policy of general transparency to our methods of capturing, using and communicating your information. <\/p>\n\n<p>This privacy policy has been developed to inform you about how we collect, use, protect and share your information.\nBy using our services or interacting with our company, you consent to it. <\/p>\n\n<p><strong>Personal information<\/strong><\/p>\n\n<p>For the purposes of this Privacy Policy, the term &#8220;personal and business information&#8221; means any information that can be used to identify an individual person.<\/p>\n\n<p><strong>Collection and use of personal and professional information<\/strong><\/p>\n\n<p>The use of personal information is governed by laws and regulations that all companies must respect.\nThe personal and professional information we collect relates to our relationship with you.\nThe types of personal and professional information we collect are strictly for the purpose of identifying visitors and facilitating the fulfillment of requests made through our site.\nWhen you fill out the contact form, for example, you provide us with personal and professional information such as your name, e-mail address, telephone number, etc. All information disclosed by e-mail is used to contact you.\nAll information disclosed by e-mail, over the telephone or by using the Web site is also personal and professional information.    <\/p>\n\n<p>When you communicate with us by e-mail or telephone, we only collect your personal and professional information for purposes for which we have first obtained your consent, with the exception of situations permitted or required by law.\nThe main purposes for which we collect your personal and professional information are as follows: <\/p>\n\n<ul class=\"wp-block-list\">\n<li>To respond to your service request<\/li>\n\n\n\n<li>To facilitate the hiring process<\/li>\n\n\n\n<li>For easier communication<\/li>\n\n\n\n<li>To comply with various company policies<\/li>\n\n\n\n<li>To protect our interests<\/li>\n\n\n\n<li>To achieve our business objectives<\/li>\n\n\n\n<li>To send you marketing communications<\/li>\n\n\n\n<li>To prevent cybersecurity incidents and\/or fraud<\/li>\n\n\n\n<li>For database administration<\/li>\n\n\n\n<li>To comply with any legal or contractual obligation of the company<\/li>\n\n\n\n<li>Etc.<\/li>\n<\/ul>\n\n<p>By sending us your personal and professional information, you consent to the collection, retention, use and destruction of your personal and professional information in accordance with the terms and conditions described in this policy.<\/p>\n\n<p>We undertake not to transmit, exchange or share with third parties the personal and professional information transmitted unless you authorize us to do so in a specific context or if we are required to do so by law.<\/p>\n\n<p>By visiting our website, you implicitly agree to our <em>Privacy Policy<\/em>.\nThis Policy describes the terms and conditions of use of our website, other digital platforms linked to our company or by telephone.   <\/p>\n\n<p><strong>Automatic information collection<\/strong><\/p>\n\n<p>When you visit our website, we automatically collect certain information using Google Analytics or cookies.\nThis information includes, but is not limited to, the following:   <\/p>\n\n<ul class=\"wp-block-list\">\n<li>The IP address used to access the website;<\/li>\n\n\n\n<li>Browser configuration and operating system;<\/li>\n\n\n\n<li>The configuration of the mobile device at the time it accesses the website;  <\/li>\n\n\n\n<li>Geographical location and location data;<\/li>\n\n\n\n<li>Pages visited, products consulted and links opened on the website;  <\/li>\n\n\n\n<li>Keywords used during a search; and<\/li>\n\n\n\n<li>the date and duration of the visit.<\/li>\n<\/ul>\n\n<p>However, we do not share this information.<\/p>\n\n<p>Any individual may withdraw his or her consent to the retrieval, use or disclosure of his or her personal and professional information at any time by contacting us at the address listed below.\nYour request will be processed within a reasonable period of time, in accordance with applicable laws and standards.   <\/p>\n\n<p>If you use a hyperlink presented on one of our digital platforms and this link leads you to leave our site to access a third-party site, our policy no longer applies, as these sites are themselves governed by their own terms of use and privacy policies.<\/p>\n\n<p><strong>Use of cookies<\/strong><\/p>\n\n<p>We use cookies, text files that identify the browser you&#8217;re using, to improve the performance of our Web site and make it easier for users to navigate.\nCookies are stored on your hard drive by the server that hosts the Web site you are visiting, or by a server administered by a third party (chat plug-in).\nSome cookies are automatically deleted when you close your browser, while others are stored indefinitely.\nAs a general rule, your browser&#8217;s options allow you to enable or disable the storage of cookies.\nCookies do not allow us to recognize users (unless otherwise indicated, i.e. when activating a service associated with an account).      <\/p>\n\n<p><strong>Uses of your information<\/strong><\/p>\n\n<p>The personal and professional information we collect is used for the purposes set out below:  <\/p>\n\n<ul class=\"wp-block-list\">\n<li>Provide services (e.g. respond to a request for proposal).<\/li>\n\n\n\n<li>Communicate with you and provide the information you request (for example, when you apply for a job with us).<\/li>\n\n\n\n<li>Analyze the performance of digital platforms for our users and the habits of visitors and users of our website.  <\/li>\n\n\n\n<li>To improve website performance by measuring page navigation frequency, counting the most frequently used functions and monitoring traffic.\nWe use the results of the Google Analytics web analysis tool to analyze and optimize our websites and digital platforms.   <\/li>\n\n\n\n<li>Raising and solving website problems.<\/li>\n<\/ul>\n\n<p><strong>Sharing your personal and professional information<\/strong><\/p>\n\n<p>We may disclose your personal or business information to third parties or service providers for the purposes set out above or as otherwise set out in this policy.\nWe will not sell, rent or share your personal or business information with third parties.\nHowever, we may disclose certain personal and business information as permitted or required by law.  <\/p>\n\n<p>The categories of service providers with access to your personal and professional information include service providers hired to :<\/p>\n\n<ul class=\"wp-block-list\">\n<li>Project implementation or service provision<\/li>\n\n\n\n<li>Payroll and time management<\/li>\n\n\n\n<li>Management of security camera and building door access databases<\/li>\n<\/ul>\n\n<p><strong>Retention of personal information and confidentiality.<\/strong><\/p>\n\n<p>Parox Construction retains information and professionals that are necessary for the provision of its services or for legal or commercial purposes.\nThis information may be stored in the site management system and is subject to strict security standards.\nInformation that is not retained is destroyed or deleted.  <\/p>\n\n<p>We treat your personal and professional information as confidential.\nAlthough it is impossible to guarantee total protection, we put in place all reasonable measures (technical, contractual, administrative and physical) to ensure the protection of users&#8217; and customers&#8217; personal and professional information. <\/p>\n\n<p>In some cases, we do business with external service providers who may retain personal information (customer names and contact information).\nAll our business partners and suppliers must respect the confidentiality agreement they have signed.\nWe ensure, to the extent possible, that these external suppliers use reasonable means to manage the personal and professional information stored in accordance with this policy and applicable laws and regulations.    <\/p>\n\n<p>All data is stored on servers in a secure Canadian location.\nAll systems are firewalled with intrusion detection controls and unified threat management.\nOur customers are kept fully informed of our security procedures and standards.    <\/p>\n\n<p><strong>Policy changes<\/strong><\/p>\n\n<p>We encourage users to check this policy regularly for changes.\nIf you continue to use this Web site and to share your personal and professional information, we will consider that you have accepted the policy and the modifications that have been made.   <\/p>\n\n<p>This Privacy Policy and all transactions related to this Web site shall be governed by and construed in accordance with the laws of the Province of Quebec and the laws of Canada applicable therein.  <\/p>\n\n<p>Subject to the exceptions provided for by law, users may access their personal and professional information and request that we make the necessary corrections.\nTo do so, users must send a written request to the address below:   <\/p>\n\n<h4 class=\"wp-block-heading\">Construction Parox<\/h4>\n\n<h4 class=\"wp-block-heading\">Robert Deslandes<\/h4>\n\n<h4 class=\"wp-block-heading\">Privacy Officer :<\/h4>\n\n<h4 class=\"wp-block-heading\">655 chemin de l&#8217;Industrie, Suite 201<br\/>Beloeil (QC) J3G 0S5<\/h4>\n\n<p><a href=\"mailto:info@constructionparox.com\"><\/a><a href=\"mailto:info@constructionparox.com\">info@constructionparox.com<\/a><\/p>\n\n<p>We reserve the right to request that individuals who wish to access their personal and professional information identify themselves.\nThe information collected for this purpose will not be recorded or used for any other purpose. <\/p>\n\n<p>If you have any questions, comments or suggestions about this policy or our privacy and data protection activities, please contact us :  <\/p>\n\n<p>450 813-9655<\/p>\n\n<p><a href=\"mailto:info@constructionparox.com\"><\/a><a href=\"mailto:info@constructionparox.com\">info@constructionparox.com<\/a><\/p>\n\n<p>If you feel that we are not keeping your personal information as required by law, you may file a complaint.\nWe will investigate your complaint, and if it is justified, we will make the necessary changes.   <\/p>\n\n<p>If you are not satisfied with the outcome of your complaint, you may contact the Information Commissioner of your province.  <\/p>\n\n<div style=\"height:100px\" aria-hidden=\"true\" class=\"wp-block-spacer\"><\/div>\n\n<p><\/p>\n","protected":false},"excerpt":{"rendered":"<p>Privacy policy Construction Parox invites you to read its privacy policy. At Construction Parox, we take the protection of your personal, professional and confidential information very seriously. With the emergence of digital means of communication, it is essential to apply a policy of general transparency to our methods of capturing, using and communicating your information. [&hellip;]<\/p>\n","protected":false},"author":1,"featured_media":0,"parent":0,"menu_order":0,"comment_status":"closed","ping_status":"closed","template":"","meta":{"_acf_changed":false,"footnotes":""},"class_list":["post-3353","page","type-page","status-publish","hentry"],"acf":[],"yoast_head":"<!-- This site is optimized with the Yoast SEO plugin v25.5 - https:\/\/yoast.com\/wordpress\/plugins\/seo\/ -->\n<title>Privacy policy | Construction Parox<\/title>\n<meta name=\"robots\" content=\"index, follow, max-snippet:-1, max-image-preview:large, max-video-preview:-1\" \/>\n<link rel=\"canonical\" href=\"https:\/\/constructionparox.com\/en\/privacy-policy\/\" \/>\n<meta property=\"og:locale\" content=\"en_US\" \/>\n<meta property=\"og:type\" content=\"article\" \/>\n<meta property=\"og:title\" content=\"Privacy policy | Construction Parox\" \/>\n<meta property=\"og:description\" content=\"Privacy policy Construction Parox invites you to read its privacy policy. At Construction Parox, we take the protection of your personal, professional and confidential information very seriously. With the emergence of digital means of communication, it is essential to apply a policy of general transparency to our methods of capturing, using and communicating your information. [&hellip;]\" \/>\n<meta property=\"og:url\" content=\"https:\/\/constructionparox.com\/en\/privacy-policy\/\" \/>\n<meta property=\"og:site_name\" content=\"Construction Parox\" \/>\n<meta property=\"article:publisher\" content=\"https:\/\/www.facebook.com\/Construction-Parox-106295571134291\" \/>\n<meta property=\"article:modified_time\" content=\"2024-10-03T19:37:20+00:00\" \/>\n<meta property=\"og:image\" content=\"https:\/\/constructionparox.com\/wp-content\/uploads\/2024\/10\/parox-hero.jpeg\" \/>\n\t<meta property=\"og:image:width\" content=\"1280\" \/>\n\t<meta property=\"og:image:height\" content=\"720\" \/>\n\t<meta property=\"og:image:type\" content=\"image\/jpeg\" \/>\n<meta name=\"twitter:card\" content=\"summary_large_image\" \/>\n<meta name=\"twitter:label1\" content=\"Est. reading time\" \/>\n\t<meta name=\"twitter:data1\" content=\"7 minutes\" \/>\n<script type=\"application\/ld+json\" class=\"yoast-schema-graph\">{\"@context\":\"https:\/\/schema.org\",\"@graph\":[{\"@type\":\"WebPage\",\"@id\":\"https:\/\/constructionparox.com\/en\/privacy-policy\/\",\"url\":\"https:\/\/constructionparox.com\/en\/privacy-policy\/\",\"name\":\"Privacy policy | Construction Parox\",\"isPartOf\":{\"@id\":\"https:\/\/constructionparox.com\/en\/#website\"},\"datePublished\":\"2023-12-18T03:35:13+00:00\",\"dateModified\":\"2024-10-03T19:37:20+00:00\",\"breadcrumb\":{\"@id\":\"https:\/\/constructionparox.com\/en\/privacy-policy\/#breadcrumb\"},\"inLanguage\":\"en-CA\",\"potentialAction\":[{\"@type\":\"ReadAction\",\"target\":[\"https:\/\/constructionparox.com\/en\/privacy-policy\/\"]}]},{\"@type\":\"BreadcrumbList\",\"@id\":\"https:\/\/constructionparox.com\/en\/privacy-policy\/#breadcrumb\",\"itemListElement\":[{\"@type\":\"ListItem\",\"position\":1,\"name\":\"Accueil\",\"item\":\"https:\/\/constructionparox.com\/en\/\"},{\"@type\":\"ListItem\",\"position\":2,\"name\":\"Privacy policy\"}]},{\"@type\":\"WebSite\",\"@id\":\"https:\/\/constructionparox.com\/en\/#website\",\"url\":\"https:\/\/constructionparox.com\/en\/\",\"name\":\"Construction Parox\",\"description\":\"De l&#039;id\u00e9e \u00e0 la r\u00e9alisation, nous partageons votre passion !\",\"publisher\":{\"@id\":\"https:\/\/constructionparox.com\/en\/#organization\"},\"potentialAction\":[{\"@type\":\"SearchAction\",\"target\":{\"@type\":\"EntryPoint\",\"urlTemplate\":\"https:\/\/constructionparox.com\/en\/?s={search_term_string}\"},\"query-input\":{\"@type\":\"PropertyValueSpecification\",\"valueRequired\":true,\"valueName\":\"search_term_string\"}}],\"inLanguage\":\"en-CA\"},{\"@type\":\"Organization\",\"@id\":\"https:\/\/constructionparox.com\/en\/#organization\",\"name\":\"Construction Parox\",\"url\":\"https:\/\/constructionparox.com\/en\/\",\"logo\":{\"@type\":\"ImageObject\",\"inLanguage\":\"en-CA\",\"@id\":\"https:\/\/constructionparox.com\/en\/#\/schema\/logo\/image\/\",\"url\":\"https:\/\/constructionparox.com\/wp-content\/uploads\/2024\/10\/Parox_Construction_Logo_Rouge_RGB-1.png\",\"contentUrl\":\"https:\/\/constructionparox.com\/wp-content\/uploads\/2024\/10\/Parox_Construction_Logo_Rouge_RGB-1.png\",\"width\":720,\"height\":311,\"caption\":\"Construction Parox\"},\"image\":{\"@id\":\"https:\/\/constructionparox.com\/en\/#\/schema\/logo\/image\/\"},\"sameAs\":[\"https:\/\/www.facebook.com\/Construction-Parox-106295571134291\",\"https:\/\/www.linkedin.com\/company\/construction-parox\/\"]}]}<\/script>\n<!-- \/ Yoast SEO plugin. -->","yoast_head_json":{"title":"Privacy policy | Construction Parox","robots":{"index":"index","follow":"follow","max-snippet":"max-snippet:-1","max-image-preview":"max-image-preview:large","max-video-preview":"max-video-preview:-1"},"canonical":"https:\/\/constructionparox.com\/en\/privacy-policy\/","og_locale":"en_US","og_type":"article","og_title":"Privacy policy | Construction Parox","og_description":"Privacy policy Construction Parox invites you to read its privacy policy. At Construction Parox, we take the protection of your personal, professional and confidential information very seriously. With the emergence of digital means of communication, it is essential to apply a policy of general transparency to our methods of capturing, using and communicating your information. [&hellip;]","og_url":"https:\/\/constructionparox.com\/en\/privacy-policy\/","og_site_name":"Construction Parox","article_publisher":"https:\/\/www.facebook.com\/Construction-Parox-106295571134291","article_modified_time":"2024-10-03T19:37:20+00:00","og_image":[{"width":1280,"height":720,"url":"https:\/\/constructionparox.com\/wp-content\/uploads\/2024\/10\/parox-hero.jpeg","type":"image\/jpeg"}],"twitter_card":"summary_large_image","twitter_misc":{"Est. reading time":"7 minutes"},"schema":{"@context":"https:\/\/schema.org","@graph":[{"@type":"WebPage","@id":"https:\/\/constructionparox.com\/en\/privacy-policy\/","url":"https:\/\/constructionparox.com\/en\/privacy-policy\/","name":"Privacy policy | Construction Parox","isPartOf":{"@id":"https:\/\/constructionparox.com\/en\/#website"},"datePublished":"2023-12-18T03:35:13+00:00","dateModified":"2024-10-03T19:37:20+00:00","breadcrumb":{"@id":"https:\/\/constructionparox.com\/en\/privacy-policy\/#breadcrumb"},"inLanguage":"en-CA","potentialAction":[{"@type":"ReadAction","target":["https:\/\/constructionparox.com\/en\/privacy-policy\/"]}]},{"@type":"BreadcrumbList","@id":"https:\/\/constructionparox.com\/en\/privacy-policy\/#breadcrumb","itemListElement":[{"@type":"ListItem","position":1,"name":"Accueil","item":"https:\/\/constructionparox.com\/en\/"},{"@type":"ListItem","position":2,"name":"Privacy policy"}]},{"@type":"WebSite","@id":"https:\/\/constructionparox.com\/en\/#website","url":"https:\/\/constructionparox.com\/en\/","name":"Construction Parox","description":"De l&#039;id\u00e9e \u00e0 la r\u00e9alisation, nous partageons votre passion !","publisher":{"@id":"https:\/\/constructionparox.com\/en\/#organization"},"potentialAction":[{"@type":"SearchAction","target":{"@type":"EntryPoint","urlTemplate":"https:\/\/constructionparox.com\/en\/?s={search_term_string}"},"query-input":{"@type":"PropertyValueSpecification","valueRequired":true,"valueName":"search_term_string"}}],"inLanguage":"en-CA"},{"@type":"Organization","@id":"https:\/\/constructionparox.com\/en\/#organization","name":"Construction Parox","url":"https:\/\/constructionparox.com\/en\/","logo":{"@type":"ImageObject","inLanguage":"en-CA","@id":"https:\/\/constructionparox.com\/en\/#\/schema\/logo\/image\/","url":"https:\/\/constructionparox.com\/wp-content\/uploads\/2024\/10\/Parox_Construction_Logo_Rouge_RGB-1.png","contentUrl":"https:\/\/constructionparox.com\/wp-content\/uploads\/2024\/10\/Parox_Construction_Logo_Rouge_RGB-1.png","width":720,"height":311,"caption":"Construction Parox"},"image":{"@id":"https:\/\/constructionparox.com\/en\/#\/schema\/logo\/image\/"},"sameAs":["https:\/\/www.facebook.com\/Construction-Parox-106295571134291","https:\/\/www.linkedin.com\/company\/construction-parox\/"]}]}},"_links":{"self":[{"href":"https:\/\/constructionparox.com\/en\/wp-json\/wp\/v2\/pages\/3353","targetHints":{"allow":["GET"]}}],"collection":[{"href":"https:\/\/constructionparox.com\/en\/wp-json\/wp\/v2\/pages"}],"about":[{"href":"https:\/\/constructionparox.com\/en\/wp-json\/wp\/v2\/types\/page"}],"author":[{"embeddable":true,"href":"https:\/\/constructionparox.com\/en\/wp-json\/wp\/v2\/users\/1"}],"replies":[{"embeddable":true,"href":"https:\/\/constructionparox.com\/en\/wp-json\/wp\/v2\/comments?post=3353"}],"version-history":[{"count":3,"href":"https:\/\/constructionparox.com\/en\/wp-json\/wp\/v2\/pages\/3353\/revisions"}],"predecessor-version":[{"id":4165,"href":"https:\/\/constructionparox.com\/en\/wp-json\/wp\/v2\/pages\/3353\/revisions\/4165"}],"wp:attachment":[{"href":"https:\/\/constructionparox.com\/en\/wp-json\/wp\/v2\/media?parent=3353"}],"curies":[{"name":"wp","href":"https:\/\/api.w.org\/{rel}","templated":true}]}}