{"id":468,"date":"2020-05-08T00:32:40","date_gmt":"2020-05-07T22:32:40","guid":{"rendered":"http:\/\/cbo-clients.ca\/refonte-parox\/page-d-exemple\/"},"modified":"2024-10-04T02:46:39","modified_gmt":"2024-10-04T00:46:39","slug":"page-d-exemple","status":"publish","type":"page","link":"https:\/\/constructionparox.com\/en\/","title":{"rendered":"Home"},"content":{"rendered":"<div class=\"orphic-parox-block-hero-banner alignfull wp-block-acf-hero-banner\" style=\"background-image: url('https:\/\/constructionparox.com\/wp-content\/uploads\/2024\/10\/parox-hero.jpeg')\">\r\n  <div class=\"orphic-parox-block-hero-banner__overlay\"><\/div>\r\n      <div class=\"orphic-parox-block-hero-banner__logo\">\r\n      <img decoding=\"async\" src=\" https:\/\/constructionparox.com\/wp-content\/uploads\/2024\/10\/Symbole_Parox_Rouge_RGB-1.png\" alt=\"\">\r\n    <\/div>\r\n    <div class=\"orphic-parox-block-hero-banner__content\">\r\n    <div class=\"orphic-parox-block-hero-banner__inner\">\n\n<h1 class=\"wp-block-heading has-text-color has-xx-large-font-size\" style=\"color:white;letter-spacing:2px\"><span style=\"white-space:nowrap;\">WITH YOU<span class=\"font-dot\"><\/span><\/span><br> FROM IDEA TO<br><span style=\"letter-spacing:5.5px;white-space:nowrap;\">REALIZATION<span class=\"font-dot\"><\/span><\/span><\/h1>\n\n\n\r\n  <a class=\"orphic-parox-block-button-parox align wp-block-acf-button-parox\" href=\"https:\/\/constructionparox.com\/en\/services\/\" target=\"\" style=\"--parox-button-color: var(--wp--preset--color--white);\r\n              --parox-button-border-color: var(--wp--preset--color--primary);\r\n    \">\r\n    <span>Explore our services<\/span>\r\n    <svg viewBox=\"0 0 12 16\" fill=\"none\" xmlns=\"http:\/\/www.w3.org\/2000\/svg\">\r\n      <path d=\"M10.5 3H11V3.5V10.5V11H9.99995V10.5V4.70625L2.10308 12.6031L1.74995 12.9563L1.0437 12.25L1.39683 11.8969L9.2937 4H3.49995H2.99995V3H3.49995H10.5Z\" fill=\"white\" \/>\r\n    <\/svg>\r\n    <div class=\"orphic-parox-block-button-parox__border_bottom_absolute\"><\/div>\r\n  <\/a>\r\n\n<\/div>\r\n  <\/div>\r\n\r\n<\/div>\n\n\n<div style=\"height:20px\" aria-hidden=\"true\" class=\"wp-block-spacer\"><\/div>\n\n\n<div class=\"parox-line-title align wp-block-acf-line-title\">\r\n  <div class=\"orphic-parox-block-promise-block__title\">\r\n    <div class=\"orphic-parox-block-promise-block__title-line-wrapper\">\r\n      <div class=\"acf-innerblocks-container\">\n\n<h2 class=\"wp-block-heading has-primary-color has-text-color has-link-color has-x-large-font-size wp-elements-c86c191c07b052e97e98e088eff1570e\" style=\"font-style:normal;font-weight:700;text-transform:uppercase\">The promise of parox<\/h2>\n\n<\/div>\r\n      <div class=\"orphic-parox-block-promise-block__title-line\"><\/div>\r\n    <\/div>\r\n  <\/div>\r\n<\/div>\n\n<div class=\"orphic-parox-block-promise-block align wp-block-acf-parox-promise-block\">\r\n  <div class=\"orphic-parox-block-promise-block__content\">\r\n          <img decoding=\"async\" src=\"https:\/\/constructionparox.com\/wp-content\/uploads\/2024\/10\/promess-img-1-e1591042054113.png\" alt=\"\" \/>\r\n        <div class=\"acf-block-parox-promise-block__inner\">\n\n<h3 class=\"wp-block-heading\">To be a general contractor whose ingenuity stands out from the crowd.<\/h3>\n\n\n\n<p>Our skills, rigor and commitment give rise to quality.\nIt&#8217;s visible in everything we do.\nWe&#8217;re very proud of it.\nParox builds more than just buildings.   <br><br>We build our customers&#8217; dreams and help bring their business ambitions to life.\nTo deliver industrial, commercial or food processing buildings that live up to their expectations, we make no compromises on quality and effort.\nWith our customers, we look straight ahead and are confident of the results.  <\/p>\n\n\n\n<div style=\"height:10px\" aria-hidden=\"true\" class=\"wp-block-spacer\"><\/div>\n\n\n\r\n  <a class=\"orphic-parox-block-button-parox align wp-block-acf-button-parox\" href=\"https:\/\/constructionparox.com\/en\/about-us\/\" target=\"\" style=\"--parox-button-color: var(--wp--preset--color--primary);\r\n              --parox-button-border-color: var(--wp--preset--color--black);\r\n    \">\r\n    <span>Learn more<\/span>\r\n    <svg viewBox=\"0 0 12 16\" fill=\"none\" xmlns=\"http:\/\/www.w3.org\/2000\/svg\">\r\n      <path d=\"M10.5 3H11V3.5V10.5V11H9.99995V10.5V4.70625L2.10308 12.6031L1.74995 12.9563L1.0437 12.25L1.39683 11.8969L9.2937 4H3.49995H2.99995V3H3.49995H10.5Z\" fill=\"white\" \/>\r\n    <\/svg>\r\n    <div class=\"orphic-parox-block-button-parox__border_bottom_absolute\"><\/div>\r\n  <\/a>\r\n\n<\/div>\r\n  <\/div>\r\n\r\n<\/div>\n\n\n<div style=\"height:20px\" aria-hidden=\"true\" class=\"wp-block-spacer\"><\/div>\n\n\n<div class=\"orphic-parox-block-realisation alignfull wp-block-acf-block-realisation\">\r\n    <div class=\"orphic-parox-block-realisation__container\">\r\n    <div class=\"orphic-parox-block-realisation__item title\">\r\n      <div class=\"orphic-parox-block-realisation__inner\">\n\n<h2 class=\"wp-block-heading has-primary-color has-text-color has-link-color has-x-large-font-size wp-elements-f490cab245af6087c7c30a2cd500fd25\">Projects<\/h2>\n\n\n\n<h3 class=\"wp-block-heading has-medium-font-size\">Our industrial, commercial and food processing projects speak for themselves.\nOur projects are carried out with respect for the customer&#8217;s desired parameters, as well as environmental imperatives. <\/h3>\n\n\n\n<div style=\"height:30px\" aria-hidden=\"true\" class=\"wp-block-spacer\"><\/div>\n\n\n\r\n  <a class=\"orphic-parox-block-button-parox align wp-block-acf-button-parox\" href=\"https:\/\/constructionparox.com\/en\/realisations\" target=\"\" style=\"--parox-button-color: var(--wp--preset--color--primary);\r\n              --parox-button-border-color: var(--wp--preset--color--black);\r\n    \">\r\n    <span>See all projects<\/span>\r\n    <svg viewBox=\"0 0 12 16\" fill=\"none\" xmlns=\"http:\/\/www.w3.org\/2000\/svg\">\r\n      <path d=\"M10.5 3H11V3.5V10.5V11H9.99995V10.5V4.70625L2.10308 12.6031L1.74995 12.9563L1.0437 12.25L1.39683 11.8969L9.2937 4H3.49995H2.99995V3H3.49995H10.5Z\" fill=\"white\" \/>\r\n    <\/svg>\r\n    <div class=\"orphic-parox-block-button-parox__border_bottom_absolute\"><\/div>\r\n  <\/a>\r\n\n<\/div>\r\n    <\/div>\r\n          <a href=\"https:\/\/constructionparox.com\/en\/realisations\/jefo\/\" class=\"orphic-parox-block-realisation__item\">\r\n        <div class=\"orphic-parox-block-realisation__item__content\">\r\n          <div class=\"orphic-parox-block-realisation__item__content__image\">\r\n            <img decoding=\"async\" src=\"https:\/\/constructionparox.com\/wp-content\/uploads\/2020\/05\/Corpo-PAROX-JEFO-CORPO-035.jpg\" alt=\"Jefo\">\r\n            <div class=\"parox-realisation-square\"><\/div>\r\n            <svg xmlns=\"http:\/\/www.w3.org\/2000\/svg\" viewBox=\"0 0 384 512\"><!--!Font Awesome Pro 6.6.0 by @fontawesome - https:\/\/fontawesome.com License - https:\/\/fontawesome.com\/license (Commercial License) Copyright 2024 Fonticons, Inc.-->\r\n              <path d=\"M328 96l24 0 0 24 0 240 0 24-48 0 0-24 0-182.1L81 401l-17 17L30.1 384l17-17 223-223L88 144l-24 0 0-48 24 0 240 0z\" \/>\r\n            <\/svg>\r\n          <\/div>\r\n          <div class=\"orphic-parox-block-realisation__item__content__overlay\">\r\n            <h4 class=\"orphic-parox-block-realisation__item__image__title\">\r\n              Jefo            <\/h4>\r\n            <p class=\"orphic-parox-block-realisation__item__image__description\">\r\n              Commercial building, design-build            <\/p>\r\n          <\/div>\r\n        <\/div>\r\n      <\/a>\r\n          <a href=\"https:\/\/constructionparox.com\/en\/realisations\/hurraw\/\" class=\"orphic-parox-block-realisation__item\">\r\n        <div class=\"orphic-parox-block-realisation__item__content\">\r\n          <div class=\"orphic-parox-block-realisation__item__content__image\">\r\n            <img decoding=\"async\" src=\"https:\/\/constructionparox.com\/wp-content\/uploads\/2023\/04\/Web_DF-0107-2-min-scaled-e1680808721444.jpg\" alt=\"Hurraw\">\r\n            <div class=\"parox-realisation-square\"><\/div>\r\n            <svg xmlns=\"http:\/\/www.w3.org\/2000\/svg\" viewBox=\"0 0 384 512\"><!--!Font Awesome Pro 6.6.0 by @fontawesome - https:\/\/fontawesome.com License - https:\/\/fontawesome.com\/license (Commercial License) Copyright 2024 Fonticons, Inc.-->\r\n              <path d=\"M328 96l24 0 0 24 0 240 0 24-48 0 0-24 0-182.1L81 401l-17 17L30.1 384l17-17 223-223L88 144l-24 0 0-48 24 0 240 0z\" \/>\r\n            <\/svg>\r\n          <\/div>\r\n          <div class=\"orphic-parox-block-realisation__item__content__overlay\">\r\n            <h4 class=\"orphic-parox-block-realisation__item__image__title\">\r\n              Hurraw            <\/h4>\r\n            <p class=\"orphic-parox-block-realisation__item__image__description\">\r\n              Industrial building, design-build            <\/p>\r\n          <\/div>\r\n        <\/div>\r\n      <\/a>\r\n          <a href=\"https:\/\/constructionparox.com\/en\/realisations\/signalisation-de-ville-inc\/\" class=\"orphic-parox-block-realisation__item\">\r\n        <div class=\"orphic-parox-block-realisation__item__content\">\r\n          <div class=\"orphic-parox-block-realisation__item__content__image\">\r\n            <img decoding=\"async\" src=\"https:\/\/constructionparox.com\/wp-content\/uploads\/2023\/12\/image0000001-1.jpeg\" alt=\"Signalisation de Ville inc.\">\r\n            <div class=\"parox-realisation-square\"><\/div>\r\n            <svg xmlns=\"http:\/\/www.w3.org\/2000\/svg\" viewBox=\"0 0 384 512\"><!--!Font Awesome Pro 6.6.0 by @fontawesome - https:\/\/fontawesome.com License - https:\/\/fontawesome.com\/license (Commercial License) Copyright 2024 Fonticons, Inc.-->\r\n              <path d=\"M328 96l24 0 0 24 0 240 0 24-48 0 0-24 0-182.1L81 401l-17 17L30.1 384l17-17 223-223L88 144l-24 0 0-48 24 0 240 0z\" \/>\r\n            <\/svg>\r\n          <\/div>\r\n          <div class=\"orphic-parox-block-realisation__item__content__overlay\">\r\n            <h4 class=\"orphic-parox-block-realisation__item__image__title\">\r\n              Signalisation de Ville inc.            <\/h4>\r\n            <p class=\"orphic-parox-block-realisation__item__image__description\">\r\n              Industrial building, design-build            <\/p>\r\n          <\/div>\r\n        <\/div>\r\n      <\/a>\r\n      <\/div>\r\n<\/div>\n\n\n<div class=\"wp-block-group alignfull has-primary-background-color has-background is-content-justification-center is-layout-flex wp-container-core-group-is-layout-d2feec7c wp-block-group-is-layout-flex\" style=\"margin-top:0;margin-bottom:0;padding-top:0;padding-bottom:0\">  <a class=\"orphic-parox-block-cta align wp-block-acf-block-cta\" href=\"https:\/\/constructionparox.com\/en\/about-us\/\" title=\"Discover our values\">\r\n    <svg width=\"27\" height=\"36\" viewBox=\"0 0 27 36\" fill=\"none\" xmlns=\"http:\/\/www.w3.org\/2000\/svg\">\r\n      <path style=\"fill: currentColor;\" d=\"M23.625 6.75H24.75V7.875V23.625V24.75H22.5V23.625V10.5891L4.73204 28.357L3.93751 29.1516L2.34845 27.5625L3.14298 26.768L20.9109 9H7.87501H6.75001V6.75H7.87501H23.625Z\" fill=\"white\" \/>\r\n    <\/svg>\r\n    <h5>\r\n      Discover our values    <\/h5>\r\n  <\/a>\r\n\n\n  <a class=\"orphic-parox-block-cta align wp-block-acf-block-cta\" href=\"https:\/\/constructionparox.com\/en\/services\/\" title=\"Explore our services\">\r\n    <svg width=\"27\" height=\"36\" viewBox=\"0 0 27 36\" fill=\"none\" xmlns=\"http:\/\/www.w3.org\/2000\/svg\">\r\n      <path style=\"fill: currentColor;\" d=\"M23.625 6.75H24.75V7.875V23.625V24.75H22.5V23.625V10.5891L4.73204 28.357L3.93751 29.1516L2.34845 27.5625L3.14298 26.768L20.9109 9H7.87501H6.75001V6.75H7.87501H23.625Z\" fill=\"white\" \/>\r\n    <\/svg>\r\n    <h5>\r\n      Explore our services    <\/h5>\r\n  <\/a>\r\n\n\n  <a class=\"orphic-parox-block-cta align wp-block-acf-block-cta\" href=\"https:\/\/constructionparox.com\/en\/realisations\" title=\"See our projects\">\r\n    <svg width=\"27\" height=\"36\" viewBox=\"0 0 27 36\" fill=\"none\" xmlns=\"http:\/\/www.w3.org\/2000\/svg\">\r\n      <path style=\"fill: currentColor;\" d=\"M23.625 6.75H24.75V7.875V23.625V24.75H22.5V23.625V10.5891L4.73204 28.357L3.93751 29.1516L2.34845 27.5625L3.14298 26.768L20.9109 9H7.87501H6.75001V6.75H7.87501H23.625Z\" fill=\"white\" \/>\r\n    <\/svg>\r\n    <h5>\r\n      See our projects    <\/h5>\r\n  <\/a>\r\n\n\n  <a class=\"orphic-parox-block-cta align wp-block-acf-block-cta\" href=\"https:\/\/constructionparox.com\/en\/contact-us\/\" title=\"Contact us\">\r\n    <svg width=\"27\" height=\"36\" viewBox=\"0 0 27 36\" fill=\"none\" xmlns=\"http:\/\/www.w3.org\/2000\/svg\">\r\n      <path style=\"fill: currentColor;\" d=\"M23.625 6.75H24.75V7.875V23.625V24.75H22.5V23.625V10.5891L4.73204 28.357L3.93751 29.1516L2.34845 27.5625L3.14298 26.768L20.9109 9H7.87501H6.75001V6.75H7.87501H23.625Z\" fill=\"white\" \/>\r\n    <\/svg>\r\n    <h5>\r\n      Contact us    <\/h5>\r\n  <\/a>\r\n<\/div>\n","protected":false},"excerpt":{"rendered":"","protected":false},"author":1,"featured_media":3633,"parent":0,"menu_order":0,"comment_status":"closed","ping_status":"closed","template":"","meta":{"_acf_changed":false,"footnotes":""},"class_list":["post-468","page","type-page","status-publish","has-post-thumbnail","hentry"],"acf":[],"yoast_head":"<!-- This site is optimized with the Yoast SEO plugin v25.5 - https:\/\/yoast.com\/wordpress\/plugins\/seo\/ -->\n<title>Construction Parox | Industrial general contractor<\/title>\n<meta name=\"description\" content=\"Construction Parox is a general contractor specializing in the construction of industrial, commercial and agri-food buildings.\" \/>\n<meta name=\"robots\" content=\"index, follow, max-snippet:-1, max-image-preview:large, max-video-preview:-1\" \/>\n<link rel=\"canonical\" href=\"https:\/\/constructionparox.com\/en\/\" \/>\n<meta property=\"og:locale\" content=\"en_US\" \/>\n<meta property=\"og:type\" content=\"article\" \/>\n<meta property=\"og:title\" content=\"Construction Parox | Industrial general contractor\" \/>\n<meta property=\"og:description\" content=\"Construction Parox is a general contractor specializing in the construction of industrial, commercial and agri-food buildings.\" \/>\n<meta property=\"og:url\" content=\"https:\/\/constructionparox.com\/en\/\" \/>\n<meta property=\"og:site_name\" content=\"Construction Parox\" \/>\n<meta property=\"article:publisher\" content=\"https:\/\/www.facebook.com\/Construction-Parox-106295571134291\" \/>\n<meta property=\"article:modified_time\" content=\"2024-10-04T00:46:39+00:00\" \/>\n<meta property=\"og:image\" content=\"https:\/\/constructionparox.com\/wp-content\/uploads\/2024\/10\/parox-hero.jpeg\" \/>\n\t<meta property=\"og:image:width\" content=\"1280\" \/>\n\t<meta property=\"og:image:height\" content=\"720\" \/>\n\t<meta property=\"og:image:type\" content=\"image\/jpeg\" \/>\n<meta name=\"twitter:card\" content=\"summary_large_image\" \/>\n<meta name=\"twitter:label1\" content=\"Est. reading time\" \/>\n\t<meta name=\"twitter:data1\" content=\"1 minute\" \/>\n<script type=\"application\/ld+json\" class=\"yoast-schema-graph\">{\"@context\":\"https:\/\/schema.org\",\"@graph\":[{\"@type\":\"WebPage\",\"@id\":\"https:\/\/constructionparox.com\/en\/\",\"url\":\"https:\/\/constructionparox.com\/en\/\",\"name\":\"Construction Parox | Industrial general contractor\",\"isPartOf\":{\"@id\":\"https:\/\/constructionparox.com\/en\/#website\"},\"primaryImageOfPage\":{\"@id\":\"https:\/\/constructionparox.com\/en\/#primaryimage\"},\"image\":{\"@id\":\"https:\/\/constructionparox.com\/en\/#primaryimage\"},\"thumbnailUrl\":\"https:\/\/constructionparox.com\/wp-content\/uploads\/2024\/10\/parox-hero.jpeg\",\"datePublished\":\"2020-05-07T22:32:40+00:00\",\"dateModified\":\"2024-10-04T00:46:39+00:00\",\"description\":\"Construction Parox is a general contractor specializing in the construction of industrial, commercial and agri-food buildings.\",\"breadcrumb\":{\"@id\":\"https:\/\/constructionparox.com\/en\/#breadcrumb\"},\"inLanguage\":\"en-CA\",\"potentialAction\":[{\"@type\":\"ReadAction\",\"target\":[\"https:\/\/constructionparox.com\/en\/\"]}]},{\"@type\":\"ImageObject\",\"inLanguage\":\"en-CA\",\"@id\":\"https:\/\/constructionparox.com\/en\/#primaryimage\",\"url\":\"https:\/\/constructionparox.com\/wp-content\/uploads\/2024\/10\/parox-hero.jpeg\",\"contentUrl\":\"https:\/\/constructionparox.com\/wp-content\/uploads\/2024\/10\/parox-hero.jpeg\",\"width\":1280,\"height\":720},{\"@type\":\"BreadcrumbList\",\"@id\":\"https:\/\/constructionparox.com\/en\/#breadcrumb\",\"itemListElement\":[{\"@type\":\"ListItem\",\"position\":1,\"name\":\"Accueil\",\"item\":\"https:\/\/constructionparox.com\/en\/\"},{\"@type\":\"ListItem\",\"position\":2,\"name\":\"Home\"}]},{\"@type\":\"WebSite\",\"@id\":\"https:\/\/constructionparox.com\/en\/#website\",\"url\":\"https:\/\/constructionparox.com\/en\/\",\"name\":\"Construction Parox\",\"description\":\"De l&#039;id\u00e9e \u00e0 la r\u00e9alisation, nous partageons votre passion !\",\"publisher\":{\"@id\":\"https:\/\/constructionparox.com\/en\/#organization\"},\"potentialAction\":[{\"@type\":\"SearchAction\",\"target\":{\"@type\":\"EntryPoint\",\"urlTemplate\":\"https:\/\/constructionparox.com\/en\/?s={search_term_string}\"},\"query-input\":{\"@type\":\"PropertyValueSpecification\",\"valueRequired\":true,\"valueName\":\"search_term_string\"}}],\"inLanguage\":\"en-CA\"},{\"@type\":\"Organization\",\"@id\":\"https:\/\/constructionparox.com\/en\/#organization\",\"name\":\"Construction Parox\",\"url\":\"https:\/\/constructionparox.com\/en\/\",\"logo\":{\"@type\":\"ImageObject\",\"inLanguage\":\"en-CA\",\"@id\":\"https:\/\/constructionparox.com\/en\/#\/schema\/logo\/image\/\",\"url\":\"https:\/\/constructionparox.com\/wp-content\/uploads\/2024\/10\/Parox_Construction_Logo_Rouge_RGB-1.png\",\"contentUrl\":\"https:\/\/constructionparox.com\/wp-content\/uploads\/2024\/10\/Parox_Construction_Logo_Rouge_RGB-1.png\",\"width\":720,\"height\":311,\"caption\":\"Construction Parox\"},\"image\":{\"@id\":\"https:\/\/constructionparox.com\/en\/#\/schema\/logo\/image\/\"},\"sameAs\":[\"https:\/\/www.facebook.com\/Construction-Parox-106295571134291\",\"https:\/\/www.linkedin.com\/company\/construction-parox\/\"]}]}<\/script>\n<!-- \/ Yoast SEO plugin. -->","yoast_head_json":{"title":"Construction Parox | Industrial general contractor","description":"Construction Parox is a general contractor specializing in the construction of industrial, commercial and agri-food buildings.","robots":{"index":"index","follow":"follow","max-snippet":"max-snippet:-1","max-image-preview":"max-image-preview:large","max-video-preview":"max-video-preview:-1"},"canonical":"https:\/\/constructionparox.com\/en\/","og_locale":"en_US","og_type":"article","og_title":"Construction Parox | Industrial general contractor","og_description":"Construction Parox is a general contractor specializing in the construction of industrial, commercial and agri-food buildings.","og_url":"https:\/\/constructionparox.com\/en\/","og_site_name":"Construction Parox","article_publisher":"https:\/\/www.facebook.com\/Construction-Parox-106295571134291","article_modified_time":"2024-10-04T00:46:39+00:00","og_image":[{"width":1280,"height":720,"url":"https:\/\/constructionparox.com\/wp-content\/uploads\/2024\/10\/parox-hero.jpeg","type":"image\/jpeg"}],"twitter_card":"summary_large_image","twitter_misc":{"Est. reading time":"1 minute"},"schema":{"@context":"https:\/\/schema.org","@graph":[{"@type":"WebPage","@id":"https:\/\/constructionparox.com\/en\/","url":"https:\/\/constructionparox.com\/en\/","name":"Construction Parox | Industrial general contractor","isPartOf":{"@id":"https:\/\/constructionparox.com\/en\/#website"},"primaryImageOfPage":{"@id":"https:\/\/constructionparox.com\/en\/#primaryimage"},"image":{"@id":"https:\/\/constructionparox.com\/en\/#primaryimage"},"thumbnailUrl":"https:\/\/constructionparox.com\/wp-content\/uploads\/2024\/10\/parox-hero.jpeg","datePublished":"2020-05-07T22:32:40+00:00","dateModified":"2024-10-04T00:46:39+00:00","description":"Construction Parox is a general contractor specializing in the construction of industrial, commercial and agri-food buildings.","breadcrumb":{"@id":"https:\/\/constructionparox.com\/en\/#breadcrumb"},"inLanguage":"en-CA","potentialAction":[{"@type":"ReadAction","target":["https:\/\/constructionparox.com\/en\/"]}]},{"@type":"ImageObject","inLanguage":"en-CA","@id":"https:\/\/constructionparox.com\/en\/#primaryimage","url":"https:\/\/constructionparox.com\/wp-content\/uploads\/2024\/10\/parox-hero.jpeg","contentUrl":"https:\/\/constructionparox.com\/wp-content\/uploads\/2024\/10\/parox-hero.jpeg","width":1280,"height":720},{"@type":"BreadcrumbList","@id":"https:\/\/constructionparox.com\/en\/#breadcrumb","itemListElement":[{"@type":"ListItem","position":1,"name":"Accueil","item":"https:\/\/constructionparox.com\/en\/"},{"@type":"ListItem","position":2,"name":"Home"}]},{"@type":"WebSite","@id":"https:\/\/constructionparox.com\/en\/#website","url":"https:\/\/constructionparox.com\/en\/","name":"Construction Parox","description":"De l&#039;id\u00e9e \u00e0 la r\u00e9alisation, nous partageons votre passion !","publisher":{"@id":"https:\/\/constructionparox.com\/en\/#organization"},"potentialAction":[{"@type":"SearchAction","target":{"@type":"EntryPoint","urlTemplate":"https:\/\/constructionparox.com\/en\/?s={search_term_string}"},"query-input":{"@type":"PropertyValueSpecification","valueRequired":true,"valueName":"search_term_string"}}],"inLanguage":"en-CA"},{"@type":"Organization","@id":"https:\/\/constructionparox.com\/en\/#organization","name":"Construction Parox","url":"https:\/\/constructionparox.com\/en\/","logo":{"@type":"ImageObject","inLanguage":"en-CA","@id":"https:\/\/constructionparox.com\/en\/#\/schema\/logo\/image\/","url":"https:\/\/constructionparox.com\/wp-content\/uploads\/2024\/10\/Parox_Construction_Logo_Rouge_RGB-1.png","contentUrl":"https:\/\/constructionparox.com\/wp-content\/uploads\/2024\/10\/Parox_Construction_Logo_Rouge_RGB-1.png","width":720,"height":311,"caption":"Construction Parox"},"image":{"@id":"https:\/\/constructionparox.com\/en\/#\/schema\/logo\/image\/"},"sameAs":["https:\/\/www.facebook.com\/Construction-Parox-106295571134291","https:\/\/www.linkedin.com\/company\/construction-parox\/"]}]}},"_links":{"self":[{"href":"https:\/\/constructionparox.com\/en\/wp-json\/wp\/v2\/pages\/468","targetHints":{"allow":["GET"]}}],"collection":[{"href":"https:\/\/constructionparox.com\/en\/wp-json\/wp\/v2\/pages"}],"about":[{"href":"https:\/\/constructionparox.com\/en\/wp-json\/wp\/v2\/types\/page"}],"author":[{"embeddable":true,"href":"https:\/\/constructionparox.com\/en\/wp-json\/wp\/v2\/users\/1"}],"replies":[{"embeddable":true,"href":"https:\/\/constructionparox.com\/en\/wp-json\/wp\/v2\/comments?post=468"}],"version-history":[{"count":43,"href":"https:\/\/constructionparox.com\/en\/wp-json\/wp\/v2\/pages\/468\/revisions"}],"predecessor-version":[{"id":4206,"href":"https:\/\/constructionparox.com\/en\/wp-json\/wp\/v2\/pages\/468\/revisions\/4206"}],"wp:featuredmedia":[{"embeddable":true,"href":"https:\/\/constructionparox.com\/en\/wp-json\/wp\/v2\/media\/3633"}],"wp:attachment":[{"href":"https:\/\/constructionparox.com\/en\/wp-json\/wp\/v2\/media?parent=468"}],"curies":[{"name":"wp","href":"https:\/\/api.w.org\/{rel}","templated":true}]}}